{"id":27463,"date":"2023-09-02T12:49:09","date_gmt":"2023-09-02T10:49:09","guid":{"rendered":"https:\/\/beyondx.se\/product\/head-afs-sx-jr-kid-blocked\/"},"modified":"2026-04-26T02:28:43","modified_gmt":"2026-04-26T00:28:43","slug":"head-afs-sx-jr-kid-blocked","status":"publish","type":"product","link":"https:\/\/beyondx.se\/no\/produkt\/head-afs-sx-jr-kid-blocked\/","title":{"rendered":"HEAD AFS SX Jr.KID BLOCKED"},"content":{"rendered":"","protected":false},"excerpt":{"rendered":"Stum t\u00e5platta till HEAD SX 7,5 AC och EVO 9 bindningar.   G\u00f6r att bindningen endast passar junior pj\u00e4xor med tunn klack, storlekar under 21,5    S\u00e4ljes i par. <strong>ADDITIONAL SPARE PARTS FOR EVO 9 GW CA<\/strong><br \/>To provide outstanding performance and highest<br \/>stability also for our young speedstars we offer a<br \/>vertical blocked slider as spare part. Please note:<br \/>ONLY for Alpine TYPE C &amp; GripWalk TYPE C ski<br \/>boots.","protected":false},"featured_media":27462,"template":"","meta":[],"product_cat":[100,190,108,241,109],"product_tag":[],"class_list":["post-27463","product","type-product","status-publish","has-post-thumbnail","hentry","product_cat-utrustning","product_cat-bindningar","product_cat-skidvard-valla","product_cat-skidverkstad","product_cat-tillbehor-skidvard","product_shipping_class-varubrev","brands-head","brands-tyrolia","fpd-variation-needed"],"yoast_head":"<!-- This site is optimized with the Yoast SEO plugin v21.0 - https:\/\/yoast.com\/wordpress\/plugins\/seo\/ -->\n<title>HEAD AFS SX Jr.KID BLOCKED - Beyond-X<\/title>\n<meta name=\"robots\" content=\"index, follow, max-snippet:-1, max-image-preview:large, max-video-preview:-1\" \/>\n<link rel=\"canonical\" href=\"https:\/\/beyondx.se\/no\/produkt\/head-afs-sx-jr-kid-blocked\/\" \/>\n<meta property=\"og:locale\" content=\"nb_NO\" \/>\n<meta property=\"og:type\" content=\"article\" \/>\n<meta property=\"og:title\" content=\"HEAD AFS SX Jr.KID BLOCKED - Beyond-X\" \/>\n<meta property=\"og:description\" content=\"Stum t\u00e5platta till HEAD SX 7,5 AC och EVO 9 bindningar.  G\u00f6r att bindningen endast passar junior pj\u00e4xor med tunn klack, storlekar under 21,5  S\u00e4ljes i par. ADDITIONAL SPARE PARTS FOR EVO 9 GW CATo provide outstanding performance and higheststability also for our young speedstars we offer avertical blocked slider as spare part. Please note:ONLY for Alpine TYPE C &amp; GripWalk TYPE C skiboots.\" \/>\n<meta property=\"og:url\" content=\"https:\/\/beyondx.se\/no\/produkt\/head-afs-sx-jr-kid-blocked\/\" \/>\n<meta property=\"og:site_name\" content=\"Beyond-X\" \/>\n<meta property=\"article:modified_time\" content=\"2026-04-26T00:28:43+00:00\" \/>\n<meta property=\"og:image\" content=\"https:\/\/beyondx.se\/wp-content\/uploads\/2023\/09\/163113_1.jpg\" \/>\n\t<meta property=\"og:image:width\" content=\"283\" \/>\n\t<meta property=\"og:image:height\" content=\"283\" \/>\n\t<meta property=\"og:image:type\" content=\"image\/jpeg\" \/>\n<meta name=\"twitter:card\" content=\"summary_large_image\" \/>\n<script type=\"application\/ld+json\" class=\"yoast-schema-graph\">{\"@context\":\"https:\/\/schema.org\",\"@graph\":[{\"@type\":\"WebPage\",\"@id\":\"https:\/\/beyondx.se\/no\/produkt\/head-afs-sx-jr-kid-blocked\/\",\"url\":\"https:\/\/beyondx.se\/no\/produkt\/head-afs-sx-jr-kid-blocked\/\",\"name\":\"HEAD AFS SX Jr.KID BLOCKED - Beyond-X\",\"isPartOf\":{\"@id\":\"https:\/\/beyondx.se\/no\/#website\"},\"datePublished\":\"2023-09-02T10:49:09+00:00\",\"dateModified\":\"2026-04-26T00:28:43+00:00\",\"breadcrumb\":{\"@id\":\"https:\/\/beyondx.se\/no\/produkt\/head-afs-sx-jr-kid-blocked\/#breadcrumb\"},\"inLanguage\":\"nb-NO\",\"potentialAction\":[{\"@type\":\"ReadAction\",\"target\":[\"https:\/\/beyondx.se\/no\/produkt\/head-afs-sx-jr-kid-blocked\/\"]}]},{\"@type\":\"BreadcrumbList\",\"@id\":\"https:\/\/beyondx.se\/no\/produkt\/head-afs-sx-jr-kid-blocked\/#breadcrumb\",\"itemListElement\":[{\"@type\":\"ListItem\",\"position\":1,\"name\":\"Hem\",\"item\":\"https:\/\/beyondx.se\/no\/\"},{\"@type\":\"ListItem\",\"position\":2,\"name\":\"Butik\",\"item\":\"https:\/\/beyondx.se\/no\/butik\/\"},{\"@type\":\"ListItem\",\"position\":3,\"name\":\"HEAD AFS SX Jr.KID BLOCKED\"}]},{\"@type\":\"WebSite\",\"@id\":\"https:\/\/beyondx.se\/no\/#website\",\"url\":\"https:\/\/beyondx.se\/no\/\",\"name\":\"Beyond-X\",\"description\":\"No Bullshit Ski Wear\",\"publisher\":{\"@id\":\"https:\/\/beyondx.se\/no\/#organization\"},\"potentialAction\":[{\"@type\":\"SearchAction\",\"target\":{\"@type\":\"EntryPoint\",\"urlTemplate\":\"https:\/\/beyondx.se\/no\/?s={search_term_string}\"},\"query-input\":\"required name=search_term_string\"}],\"inLanguage\":\"nb-NO\"},{\"@type\":\"Organization\",\"@id\":\"https:\/\/beyondx.se\/no\/#organization\",\"name\":\"B-stedt of Sweden AB\",\"url\":\"https:\/\/beyondx.se\/no\/\",\"logo\":{\"@type\":\"ImageObject\",\"inLanguage\":\"nb-NO\",\"@id\":\"https:\/\/beyondx.se\/no\/#\/schema\/logo\/image\/\",\"url\":\"https:\/\/beyondx.se\/wp-content\/uploads\/2023\/08\/bx-logo.svg\",\"contentUrl\":\"https:\/\/beyondx.se\/wp-content\/uploads\/2023\/08\/bx-logo.svg\",\"width\":1,\"height\":1,\"caption\":\"B-stedt of Sweden AB\"},\"image\":{\"@id\":\"https:\/\/beyondx.se\/no\/#\/schema\/logo\/image\/\"}}]}<\/script>\n<!-- \/ Yoast SEO plugin. -->","yoast_head_json":{"title":"HEAD AFS SX Jr.KID BLOCKED - Beyond-X","robots":{"index":"index","follow":"follow","max-snippet":"max-snippet:-1","max-image-preview":"max-image-preview:large","max-video-preview":"max-video-preview:-1"},"canonical":"https:\/\/beyondx.se\/no\/produkt\/head-afs-sx-jr-kid-blocked\/","og_locale":"nb_NO","og_type":"article","og_title":"HEAD AFS SX Jr.KID BLOCKED - Beyond-X","og_description":"Stum t\u00e5platta till HEAD SX 7,5 AC och EVO 9 bindningar.  G\u00f6r att bindningen endast passar junior pj\u00e4xor med tunn klack, storlekar under 21,5  S\u00e4ljes i par. ADDITIONAL SPARE PARTS FOR EVO 9 GW CATo provide outstanding performance and higheststability also for our young speedstars we offer avertical blocked slider as spare part. Please note:ONLY for Alpine TYPE C &amp; GripWalk TYPE C skiboots.","og_url":"https:\/\/beyondx.se\/no\/produkt\/head-afs-sx-jr-kid-blocked\/","og_site_name":"Beyond-X","article_modified_time":"2026-04-26T00:28:43+00:00","og_image":[{"width":283,"height":283,"url":"https:\/\/beyondx.se\/wp-content\/uploads\/2023\/09\/163113_1.jpg","type":"image\/jpeg"}],"twitter_card":"summary_large_image","schema":{"@context":"https:\/\/schema.org","@graph":[{"@type":"WebPage","@id":"https:\/\/beyondx.se\/no\/produkt\/head-afs-sx-jr-kid-blocked\/","url":"https:\/\/beyondx.se\/no\/produkt\/head-afs-sx-jr-kid-blocked\/","name":"HEAD AFS SX Jr.KID BLOCKED - Beyond-X","isPartOf":{"@id":"https:\/\/beyondx.se\/no\/#website"},"datePublished":"2023-09-02T10:49:09+00:00","dateModified":"2026-04-26T00:28:43+00:00","breadcrumb":{"@id":"https:\/\/beyondx.se\/no\/produkt\/head-afs-sx-jr-kid-blocked\/#breadcrumb"},"inLanguage":"nb-NO","potentialAction":[{"@type":"ReadAction","target":["https:\/\/beyondx.se\/no\/produkt\/head-afs-sx-jr-kid-blocked\/"]}]},{"@type":"BreadcrumbList","@id":"https:\/\/beyondx.se\/no\/produkt\/head-afs-sx-jr-kid-blocked\/#breadcrumb","itemListElement":[{"@type":"ListItem","position":1,"name":"Hem","item":"https:\/\/beyondx.se\/no\/"},{"@type":"ListItem","position":2,"name":"Butik","item":"https:\/\/beyondx.se\/no\/butik\/"},{"@type":"ListItem","position":3,"name":"HEAD AFS SX Jr.KID BLOCKED"}]},{"@type":"WebSite","@id":"https:\/\/beyondx.se\/no\/#website","url":"https:\/\/beyondx.se\/no\/","name":"Beyond-X","description":"No Bullshit Ski Wear","publisher":{"@id":"https:\/\/beyondx.se\/no\/#organization"},"potentialAction":[{"@type":"SearchAction","target":{"@type":"EntryPoint","urlTemplate":"https:\/\/beyondx.se\/no\/?s={search_term_string}"},"query-input":"required name=search_term_string"}],"inLanguage":"nb-NO"},{"@type":"Organization","@id":"https:\/\/beyondx.se\/no\/#organization","name":"B-stedt of Sweden AB","url":"https:\/\/beyondx.se\/no\/","logo":{"@type":"ImageObject","inLanguage":"nb-NO","@id":"https:\/\/beyondx.se\/no\/#\/schema\/logo\/image\/","url":"https:\/\/beyondx.se\/wp-content\/uploads\/2023\/08\/bx-logo.svg","contentUrl":"https:\/\/beyondx.se\/wp-content\/uploads\/2023\/08\/bx-logo.svg","width":1,"height":1,"caption":"B-stedt of Sweden AB"},"image":{"@id":"https:\/\/beyondx.se\/no\/#\/schema\/logo\/image\/"}}]}},"_links":{"self":[{"href":"https:\/\/beyondx.se\/no\/wp-json\/wp\/v2\/product\/27463","targetHints":{"allow":["GET"]}}],"collection":[{"href":"https:\/\/beyondx.se\/no\/wp-json\/wp\/v2\/product"}],"about":[{"href":"https:\/\/beyondx.se\/no\/wp-json\/wp\/v2\/types\/product"}],"wp:featuredmedia":[{"embeddable":true,"href":"https:\/\/beyondx.se\/no\/wp-json\/wp\/v2\/media\/27462"}],"wp:attachment":[{"href":"https:\/\/beyondx.se\/no\/wp-json\/wp\/v2\/media?parent=27463"}],"wp:term":[{"taxonomy":"product_cat","embeddable":true,"href":"https:\/\/beyondx.se\/no\/wp-json\/wp\/v2\/product_cat?post=27463"},{"taxonomy":"product_tag","embeddable":true,"href":"https:\/\/beyondx.se\/no\/wp-json\/wp\/v2\/product_tag?post=27463"}],"curies":[{"name":"wp","href":"https:\/\/api.w.org\/{rel}","templated":true}]}}