{"id":2907,"date":"2023-04-20T13:06:52","date_gmt":"2023-04-20T11:06:52","guid":{"rendered":"https:\/\/beta.karlskogawebbyra.se\/beyond\/product\/are-slk-br43-fartdrakt-gs-no-fis-cp1907\/"},"modified":"2026-04-17T05:14:45","modified_gmt":"2026-04-17T03:14:45","slug":"are-slk-br43-fartdrakt-gs-no-fis-cp1907","status":"publish","type":"product","link":"https:\/\/beyondx.se\/no\/produkt\/are-slk-br43-fartdrakt-gs-no-fis-cp1907\/","title":{"rendered":"\u00c5RE SLK, BR43 Fartdr\u00e4kt GS NO FIS"},"content":{"rendered":"<p><strong>Ej FIS-godk\u00e4nd<\/strong><\/p>\n<p>Gjord av high-tech Schoeller tyg av h\u00f6gsta kvalitet. Med strategiskt placerade skydd p\u00e5 armar, ben och rygg, som kan tas bort. Kan anv\u00e4ndas till alla diciplinerna SL, GS, SG och DH, d\u00e5 skydd kan tas bort eller l\u00e4ggas till.<\/p>\n<p>Dr\u00e4kterna finns i stolekarna XXS-XXXL.<br \/>\nFinns \u00e4ven i FIS-godk\u00e4nda tyger (BXR37).<\/p>\n","protected":false},"excerpt":{"rendered":"<p>Icke F-I-S godk&#228;nd fartdr&#228;kt med strategiskt placerade skydd.<\/p><p>F&#246;r ungdoms&#229;kare eller personer som inte deltar i F-I-S t&#228;vlingar.<\/p><p>Barn 15 &#229;r och yngre rekommenderas denna typ av fartdr&#228;kt.<\/p><p>Alla skydd &#228;r uttagbara s&#229; dr&#228;kten p&#229; s&#229; vis kan anpassas efter &#246;nskem&#229;l.<\/p><p>Finns &#228;ven som Slimfit, se modell BR243.<\/p>","protected":false},"featured_media":151272,"template":"","meta":[],"product_cat":[144],"product_tag":[],"class_list":["post-2907","product","type-product","status-publish","has-post-thumbnail","hentry","product_cat-no-fis","brands-beyond-x","clubs-are-slk","fpd-variation-needed"],"yoast_head":"<!-- This site is optimized with the Yoast SEO plugin v21.0 - https:\/\/yoast.com\/wordpress\/plugins\/seo\/ -->\n<title>\u00c5RE SLK, BR43 Fartdr\u00e4kt GS NO FIS - Beyond-X<\/title>\n<meta name=\"robots\" content=\"index, follow, max-snippet:-1, max-image-preview:large, max-video-preview:-1\" \/>\n<link rel=\"canonical\" href=\"https:\/\/beyondx.se\/no\/produkt\/are-slk-br43-fartdrakt-gs-no-fis-cp1907\/\" \/>\n<meta property=\"og:locale\" content=\"nb_NO\" \/>\n<meta property=\"og:type\" content=\"article\" \/>\n<meta property=\"og:title\" content=\"\u00c5RE SLK, BR43 Fartdr\u00e4kt GS NO FIS - Beyond-X\" \/>\n<meta property=\"og:description\" content=\"Icke F-I-S godk&#228;nd fartdr&#228;kt med strategiskt placerade skydd.F&#246;r ungdoms&#229;kare eller personer som inte deltar i F-I-S t&#228;vlingar.Barn 15 &#229;r och yngre rekommenderas denna typ av fartdr&#228;kt.Alla skydd &#228;r uttagbara s&#229; dr&#228;kten p&#229; s&#229; vis kan anpassas efter &#246;nskem&#229;l.Finns &#228;ven som Slimfit, se modell BR243.\" \/>\n<meta property=\"og:url\" content=\"https:\/\/beyondx.se\/no\/produkt\/are-slk-br43-fartdrakt-gs-no-fis-cp1907\/\" \/>\n<meta property=\"og:site_name\" content=\"Beyond-X\" \/>\n<meta property=\"article:modified_time\" content=\"2026-04-17T03:14:45+00:00\" \/>\n<meta property=\"og:image\" content=\"https:\/\/beyondx.se\/wp-content\/uploads\/2023\/11\/BXR134800XS_1.png\" \/>\n\t<meta property=\"og:image:width\" content=\"640\" \/>\n\t<meta property=\"og:image:height\" content=\"708\" \/>\n\t<meta property=\"og:image:type\" content=\"image\/png\" \/>\n<meta name=\"twitter:card\" content=\"summary_large_image\" \/>\n<script type=\"application\/ld+json\" class=\"yoast-schema-graph\">{\"@context\":\"https:\/\/schema.org\",\"@graph\":[{\"@type\":\"WebPage\",\"@id\":\"https:\/\/beyondx.se\/no\/produkt\/are-slk-br43-fartdrakt-gs-no-fis-cp1907\/\",\"url\":\"https:\/\/beyondx.se\/no\/produkt\/are-slk-br43-fartdrakt-gs-no-fis-cp1907\/\",\"name\":\"\u00c5RE SLK, BR43 Fartdr\u00e4kt GS NO FIS - Beyond-X\",\"isPartOf\":{\"@id\":\"https:\/\/beyondx.se\/no\/#website\"},\"datePublished\":\"2023-04-20T11:06:52+00:00\",\"dateModified\":\"2026-04-17T03:14:45+00:00\",\"breadcrumb\":{\"@id\":\"https:\/\/beyondx.se\/no\/produkt\/are-slk-br43-fartdrakt-gs-no-fis-cp1907\/#breadcrumb\"},\"inLanguage\":\"nb-NO\",\"potentialAction\":[{\"@type\":\"ReadAction\",\"target\":[\"https:\/\/beyondx.se\/no\/produkt\/are-slk-br43-fartdrakt-gs-no-fis-cp1907\/\"]}]},{\"@type\":\"BreadcrumbList\",\"@id\":\"https:\/\/beyondx.se\/no\/produkt\/are-slk-br43-fartdrakt-gs-no-fis-cp1907\/#breadcrumb\",\"itemListElement\":[{\"@type\":\"ListItem\",\"position\":1,\"name\":\"Hem\",\"item\":\"https:\/\/beyondx.se\/no\/\"},{\"@type\":\"ListItem\",\"position\":2,\"name\":\"Butik\",\"item\":\"https:\/\/beyondx.se\/no\/butik\/\"},{\"@type\":\"ListItem\",\"position\":3,\"name\":\"\u00c5RE SLK, BR43 Fartdr\u00e4kt GS NO FIS\"}]},{\"@type\":\"WebSite\",\"@id\":\"https:\/\/beyondx.se\/no\/#website\",\"url\":\"https:\/\/beyondx.se\/no\/\",\"name\":\"Beyond-X\",\"description\":\"No Bullshit Ski Wear\",\"publisher\":{\"@id\":\"https:\/\/beyondx.se\/no\/#organization\"},\"potentialAction\":[{\"@type\":\"SearchAction\",\"target\":{\"@type\":\"EntryPoint\",\"urlTemplate\":\"https:\/\/beyondx.se\/no\/?s={search_term_string}\"},\"query-input\":\"required name=search_term_string\"}],\"inLanguage\":\"nb-NO\"},{\"@type\":\"Organization\",\"@id\":\"https:\/\/beyondx.se\/no\/#organization\",\"name\":\"B-stedt of Sweden AB\",\"url\":\"https:\/\/beyondx.se\/no\/\",\"logo\":{\"@type\":\"ImageObject\",\"inLanguage\":\"nb-NO\",\"@id\":\"https:\/\/beyondx.se\/no\/#\/schema\/logo\/image\/\",\"url\":\"https:\/\/beyondx.se\/wp-content\/uploads\/2023\/08\/bx-logo.svg\",\"contentUrl\":\"https:\/\/beyondx.se\/wp-content\/uploads\/2023\/08\/bx-logo.svg\",\"width\":1,\"height\":1,\"caption\":\"B-stedt of Sweden AB\"},\"image\":{\"@id\":\"https:\/\/beyondx.se\/no\/#\/schema\/logo\/image\/\"}}]}<\/script>\n<!-- \/ Yoast SEO plugin. -->","yoast_head_json":{"title":"\u00c5RE SLK, BR43 Fartdr\u00e4kt GS NO FIS - Beyond-X","robots":{"index":"index","follow":"follow","max-snippet":"max-snippet:-1","max-image-preview":"max-image-preview:large","max-video-preview":"max-video-preview:-1"},"canonical":"https:\/\/beyondx.se\/no\/produkt\/are-slk-br43-fartdrakt-gs-no-fis-cp1907\/","og_locale":"nb_NO","og_type":"article","og_title":"\u00c5RE SLK, BR43 Fartdr\u00e4kt GS NO FIS - Beyond-X","og_description":"Icke F-I-S godk&#228;nd fartdr&#228;kt med strategiskt placerade skydd.F&#246;r ungdoms&#229;kare eller personer som inte deltar i F-I-S t&#228;vlingar.Barn 15 &#229;r och yngre rekommenderas denna typ av fartdr&#228;kt.Alla skydd &#228;r uttagbara s&#229; dr&#228;kten p&#229; s&#229; vis kan anpassas efter &#246;nskem&#229;l.Finns &#228;ven som Slimfit, se modell BR243.","og_url":"https:\/\/beyondx.se\/no\/produkt\/are-slk-br43-fartdrakt-gs-no-fis-cp1907\/","og_site_name":"Beyond-X","article_modified_time":"2026-04-17T03:14:45+00:00","og_image":[{"width":640,"height":708,"url":"https:\/\/beyondx.se\/wp-content\/uploads\/2023\/11\/BXR134800XS_1.png","type":"image\/png"}],"twitter_card":"summary_large_image","schema":{"@context":"https:\/\/schema.org","@graph":[{"@type":"WebPage","@id":"https:\/\/beyondx.se\/no\/produkt\/are-slk-br43-fartdrakt-gs-no-fis-cp1907\/","url":"https:\/\/beyondx.se\/no\/produkt\/are-slk-br43-fartdrakt-gs-no-fis-cp1907\/","name":"\u00c5RE SLK, BR43 Fartdr\u00e4kt GS NO FIS - Beyond-X","isPartOf":{"@id":"https:\/\/beyondx.se\/no\/#website"},"datePublished":"2023-04-20T11:06:52+00:00","dateModified":"2026-04-17T03:14:45+00:00","breadcrumb":{"@id":"https:\/\/beyondx.se\/no\/produkt\/are-slk-br43-fartdrakt-gs-no-fis-cp1907\/#breadcrumb"},"inLanguage":"nb-NO","potentialAction":[{"@type":"ReadAction","target":["https:\/\/beyondx.se\/no\/produkt\/are-slk-br43-fartdrakt-gs-no-fis-cp1907\/"]}]},{"@type":"BreadcrumbList","@id":"https:\/\/beyondx.se\/no\/produkt\/are-slk-br43-fartdrakt-gs-no-fis-cp1907\/#breadcrumb","itemListElement":[{"@type":"ListItem","position":1,"name":"Hem","item":"https:\/\/beyondx.se\/no\/"},{"@type":"ListItem","position":2,"name":"Butik","item":"https:\/\/beyondx.se\/no\/butik\/"},{"@type":"ListItem","position":3,"name":"\u00c5RE SLK, BR43 Fartdr\u00e4kt GS NO FIS"}]},{"@type":"WebSite","@id":"https:\/\/beyondx.se\/no\/#website","url":"https:\/\/beyondx.se\/no\/","name":"Beyond-X","description":"No Bullshit Ski Wear","publisher":{"@id":"https:\/\/beyondx.se\/no\/#organization"},"potentialAction":[{"@type":"SearchAction","target":{"@type":"EntryPoint","urlTemplate":"https:\/\/beyondx.se\/no\/?s={search_term_string}"},"query-input":"required name=search_term_string"}],"inLanguage":"nb-NO"},{"@type":"Organization","@id":"https:\/\/beyondx.se\/no\/#organization","name":"B-stedt of Sweden AB","url":"https:\/\/beyondx.se\/no\/","logo":{"@type":"ImageObject","inLanguage":"nb-NO","@id":"https:\/\/beyondx.se\/no\/#\/schema\/logo\/image\/","url":"https:\/\/beyondx.se\/wp-content\/uploads\/2023\/08\/bx-logo.svg","contentUrl":"https:\/\/beyondx.se\/wp-content\/uploads\/2023\/08\/bx-logo.svg","width":1,"height":1,"caption":"B-stedt of Sweden AB"},"image":{"@id":"https:\/\/beyondx.se\/no\/#\/schema\/logo\/image\/"}}]}},"_links":{"self":[{"href":"https:\/\/beyondx.se\/no\/wp-json\/wp\/v2\/product\/2907","targetHints":{"allow":["GET"]}}],"collection":[{"href":"https:\/\/beyondx.se\/no\/wp-json\/wp\/v2\/product"}],"about":[{"href":"https:\/\/beyondx.se\/no\/wp-json\/wp\/v2\/types\/product"}],"wp:featuredmedia":[{"embeddable":true,"href":"https:\/\/beyondx.se\/no\/wp-json\/wp\/v2\/media\/151272"}],"wp:attachment":[{"href":"https:\/\/beyondx.se\/no\/wp-json\/wp\/v2\/media?parent=2907"}],"wp:term":[{"taxonomy":"product_cat","embeddable":true,"href":"https:\/\/beyondx.se\/no\/wp-json\/wp\/v2\/product_cat?post=2907"},{"taxonomy":"product_tag","embeddable":true,"href":"https:\/\/beyondx.se\/no\/wp-json\/wp\/v2\/product_tag?post=2907"}],"curies":[{"name":"wp","href":"https:\/\/api.w.org\/{rel}","templated":true}]}}