{"id":2955,"date":"2023-04-20T13:07:29","date_gmt":"2023-04-20T11:07:29","guid":{"rendered":"https:\/\/beta.karlskogawebbyra.se\/beyond\/product\/xbase\/"},"modified":"2026-04-20T11:37:51","modified_gmt":"2026-04-20T09:37:51","slug":"xbase","status":"publish","type":"product","link":"https:\/\/beyondx.se\/no\/produkt\/xbase\/","title":{"rendered":"XBase heavy duty Brush base"},"content":{"rendered":"<p>XBase f\u00f6renklar bans\u00e4ttningen d\u00e5 behovet att skruva ner spetsen elimineras. Bara borra och stick ner k\u00e4ppen. Raderna med borst l\u00e5ser fast k\u00e4ppen i h\u00e5let.<\/p>\n<p>F\u00f6r att avl\u00e4gsna k\u00e4ppen bara dra upp den. Borra med 41mm borr rekommenderas.<\/p>\n<p>Eftersom XBase spetsen \u00e4r kortare \u00e4n den traditionella l\u00e5nga skruven, s\u00e5 \u00e4r den l\u00e4ttare att anv\u00e4nda \u00e4ven vid tunnare sn\u00f6lager och inomhushallar.<\/p>\n","protected":false},"excerpt":{"rendered":"XBase f\u00f6renklar bans\u00e4ttningen d\u00e5 behovet att skruva ner spetsen elimineras. Bara borra och stick ner k\u00e4ppen. Raderna med borst l\u00e5ser fast k\u00e4ppen i h\u00e5let.<br \/><br \/>F\u00f6r att avl\u00e4gsna k\u00e4ppen bara dra upp den. Borra med 41mm borr rekommenderas.<br \/><br \/>Eftersom XBase spetsen \u00e4r kortare \u00e4n den traditionella l\u00e5nga skruven, s\u00e5 \u00e4r den l\u00e4ttare att anv\u00e4nda \u00e4ven vid tunnare sn\u00f6lager och inomhushallar.","protected":false},"featured_media":54796,"template":"","meta":[],"product_cat":[148,157,164],"product_tag":[],"class_list":["post-2955","product","type-product","status-publish","has-post-thumbnail","hentry","product_cat-skidanlaggning","product_cat-slalomkappar","product_cat-reservdelar-tillbehor","brands-beyond-x","fpd-variation-needed"],"yoast_head":"<!-- This site is optimized with the Yoast SEO plugin v21.0 - https:\/\/yoast.com\/wordpress\/plugins\/seo\/ -->\n<title>XBase heavy duty Brush base - Beyond-X<\/title>\n<meta name=\"robots\" content=\"index, follow, max-snippet:-1, max-image-preview:large, max-video-preview:-1\" \/>\n<link rel=\"canonical\" href=\"https:\/\/beyondx.se\/no\/produkt\/xbase\/\" \/>\n<meta property=\"og:locale\" content=\"nb_NO\" \/>\n<meta property=\"og:type\" content=\"article\" \/>\n<meta property=\"og:title\" content=\"XBase heavy duty Brush base - Beyond-X\" \/>\n<meta property=\"og:description\" content=\"XBase f\u00f6renklar bans\u00e4ttningen d\u00e5 behovet att skruva ner spetsen elimineras. Bara borra och stick ner k\u00e4ppen. Raderna med borst l\u00e5ser fast k\u00e4ppen i h\u00e5let.F\u00f6r att avl\u00e4gsna k\u00e4ppen bara dra upp den. Borra med 41mm borr rekommenderas.Eftersom XBase spetsen \u00e4r kortare \u00e4n den traditionella l\u00e5nga skruven, s\u00e5 \u00e4r den l\u00e4ttare att anv\u00e4nda \u00e4ven vid tunnare sn\u00f6lager och inomhushallar.\" \/>\n<meta property=\"og:url\" content=\"https:\/\/beyondx.se\/no\/produkt\/xbase\/\" \/>\n<meta property=\"og:site_name\" content=\"Beyond-X\" \/>\n<meta property=\"article:modified_time\" content=\"2026-04-20T09:37:51+00:00\" \/>\n<meta property=\"og:image\" content=\"https:\/\/beyondx.se\/wp-content\/uploads\/2023\/10\/XB_1.png\" \/>\n\t<meta property=\"og:image:width\" content=\"800\" \/>\n\t<meta property=\"og:image:height\" content=\"800\" \/>\n\t<meta property=\"og:image:type\" content=\"image\/png\" \/>\n<meta name=\"twitter:card\" content=\"summary_large_image\" \/>\n<script type=\"application\/ld+json\" class=\"yoast-schema-graph\">{\"@context\":\"https:\/\/schema.org\",\"@graph\":[{\"@type\":\"WebPage\",\"@id\":\"https:\/\/beyondx.se\/no\/produkt\/xbase\/\",\"url\":\"https:\/\/beyondx.se\/no\/produkt\/xbase\/\",\"name\":\"XBase heavy duty Brush base - Beyond-X\",\"isPartOf\":{\"@id\":\"https:\/\/beyondx.se\/no\/#website\"},\"datePublished\":\"2023-04-20T11:07:29+00:00\",\"dateModified\":\"2026-04-20T09:37:51+00:00\",\"breadcrumb\":{\"@id\":\"https:\/\/beyondx.se\/no\/produkt\/xbase\/#breadcrumb\"},\"inLanguage\":\"nb-NO\",\"potentialAction\":[{\"@type\":\"ReadAction\",\"target\":[\"https:\/\/beyondx.se\/no\/produkt\/xbase\/\"]}]},{\"@type\":\"BreadcrumbList\",\"@id\":\"https:\/\/beyondx.se\/no\/produkt\/xbase\/#breadcrumb\",\"itemListElement\":[{\"@type\":\"ListItem\",\"position\":1,\"name\":\"Hem\",\"item\":\"https:\/\/beyondx.se\/no\/\"},{\"@type\":\"ListItem\",\"position\":2,\"name\":\"Butik\",\"item\":\"https:\/\/beyondx.se\/no\/butik\/\"},{\"@type\":\"ListItem\",\"position\":3,\"name\":\"XBase heavy duty Brush base\"}]},{\"@type\":\"WebSite\",\"@id\":\"https:\/\/beyondx.se\/no\/#website\",\"url\":\"https:\/\/beyondx.se\/no\/\",\"name\":\"Beyond-X\",\"description\":\"No Bullshit Ski Wear\",\"publisher\":{\"@id\":\"https:\/\/beyondx.se\/no\/#organization\"},\"potentialAction\":[{\"@type\":\"SearchAction\",\"target\":{\"@type\":\"EntryPoint\",\"urlTemplate\":\"https:\/\/beyondx.se\/no\/?s={search_term_string}\"},\"query-input\":\"required name=search_term_string\"}],\"inLanguage\":\"nb-NO\"},{\"@type\":\"Organization\",\"@id\":\"https:\/\/beyondx.se\/no\/#organization\",\"name\":\"B-stedt of Sweden AB\",\"url\":\"https:\/\/beyondx.se\/no\/\",\"logo\":{\"@type\":\"ImageObject\",\"inLanguage\":\"nb-NO\",\"@id\":\"https:\/\/beyondx.se\/no\/#\/schema\/logo\/image\/\",\"url\":\"https:\/\/beyondx.se\/wp-content\/uploads\/2023\/08\/bx-logo.svg\",\"contentUrl\":\"https:\/\/beyondx.se\/wp-content\/uploads\/2023\/08\/bx-logo.svg\",\"width\":1,\"height\":1,\"caption\":\"B-stedt of Sweden AB\"},\"image\":{\"@id\":\"https:\/\/beyondx.se\/no\/#\/schema\/logo\/image\/\"}}]}<\/script>\n<!-- \/ Yoast SEO plugin. -->","yoast_head_json":{"title":"XBase heavy duty Brush base - Beyond-X","robots":{"index":"index","follow":"follow","max-snippet":"max-snippet:-1","max-image-preview":"max-image-preview:large","max-video-preview":"max-video-preview:-1"},"canonical":"https:\/\/beyondx.se\/no\/produkt\/xbase\/","og_locale":"nb_NO","og_type":"article","og_title":"XBase heavy duty Brush base - Beyond-X","og_description":"XBase f\u00f6renklar bans\u00e4ttningen d\u00e5 behovet att skruva ner spetsen elimineras. Bara borra och stick ner k\u00e4ppen. Raderna med borst l\u00e5ser fast k\u00e4ppen i h\u00e5let.F\u00f6r att avl\u00e4gsna k\u00e4ppen bara dra upp den. Borra med 41mm borr rekommenderas.Eftersom XBase spetsen \u00e4r kortare \u00e4n den traditionella l\u00e5nga skruven, s\u00e5 \u00e4r den l\u00e4ttare att anv\u00e4nda \u00e4ven vid tunnare sn\u00f6lager och inomhushallar.","og_url":"https:\/\/beyondx.se\/no\/produkt\/xbase\/","og_site_name":"Beyond-X","article_modified_time":"2026-04-20T09:37:51+00:00","og_image":[{"width":800,"height":800,"url":"https:\/\/beyondx.se\/wp-content\/uploads\/2023\/10\/XB_1.png","type":"image\/png"}],"twitter_card":"summary_large_image","schema":{"@context":"https:\/\/schema.org","@graph":[{"@type":"WebPage","@id":"https:\/\/beyondx.se\/no\/produkt\/xbase\/","url":"https:\/\/beyondx.se\/no\/produkt\/xbase\/","name":"XBase heavy duty Brush base - Beyond-X","isPartOf":{"@id":"https:\/\/beyondx.se\/no\/#website"},"datePublished":"2023-04-20T11:07:29+00:00","dateModified":"2026-04-20T09:37:51+00:00","breadcrumb":{"@id":"https:\/\/beyondx.se\/no\/produkt\/xbase\/#breadcrumb"},"inLanguage":"nb-NO","potentialAction":[{"@type":"ReadAction","target":["https:\/\/beyondx.se\/no\/produkt\/xbase\/"]}]},{"@type":"BreadcrumbList","@id":"https:\/\/beyondx.se\/no\/produkt\/xbase\/#breadcrumb","itemListElement":[{"@type":"ListItem","position":1,"name":"Hem","item":"https:\/\/beyondx.se\/no\/"},{"@type":"ListItem","position":2,"name":"Butik","item":"https:\/\/beyondx.se\/no\/butik\/"},{"@type":"ListItem","position":3,"name":"XBase heavy duty Brush base"}]},{"@type":"WebSite","@id":"https:\/\/beyondx.se\/no\/#website","url":"https:\/\/beyondx.se\/no\/","name":"Beyond-X","description":"No Bullshit Ski Wear","publisher":{"@id":"https:\/\/beyondx.se\/no\/#organization"},"potentialAction":[{"@type":"SearchAction","target":{"@type":"EntryPoint","urlTemplate":"https:\/\/beyondx.se\/no\/?s={search_term_string}"},"query-input":"required name=search_term_string"}],"inLanguage":"nb-NO"},{"@type":"Organization","@id":"https:\/\/beyondx.se\/no\/#organization","name":"B-stedt of Sweden AB","url":"https:\/\/beyondx.se\/no\/","logo":{"@type":"ImageObject","inLanguage":"nb-NO","@id":"https:\/\/beyondx.se\/no\/#\/schema\/logo\/image\/","url":"https:\/\/beyondx.se\/wp-content\/uploads\/2023\/08\/bx-logo.svg","contentUrl":"https:\/\/beyondx.se\/wp-content\/uploads\/2023\/08\/bx-logo.svg","width":1,"height":1,"caption":"B-stedt of Sweden AB"},"image":{"@id":"https:\/\/beyondx.se\/no\/#\/schema\/logo\/image\/"}}]}},"_links":{"self":[{"href":"https:\/\/beyondx.se\/no\/wp-json\/wp\/v2\/product\/2955","targetHints":{"allow":["GET"]}}],"collection":[{"href":"https:\/\/beyondx.se\/no\/wp-json\/wp\/v2\/product"}],"about":[{"href":"https:\/\/beyondx.se\/no\/wp-json\/wp\/v2\/types\/product"}],"wp:featuredmedia":[{"embeddable":true,"href":"https:\/\/beyondx.se\/no\/wp-json\/wp\/v2\/media\/54796"}],"wp:attachment":[{"href":"https:\/\/beyondx.se\/no\/wp-json\/wp\/v2\/media?parent=2955"}],"wp:term":[{"taxonomy":"product_cat","embeddable":true,"href":"https:\/\/beyondx.se\/no\/wp-json\/wp\/v2\/product_cat?post=2955"},{"taxonomy":"product_tag","embeddable":true,"href":"https:\/\/beyondx.se\/no\/wp-json\/wp\/v2\/product_tag?post=2955"}],"curies":[{"name":"wp","href":"https:\/\/api.w.org\/{rel}","templated":true}]}}