{"id":31138,"date":"2023-09-17T00:00:03","date_gmt":"2023-09-16T22:00:03","guid":{"rendered":"https:\/\/beyondx.se\/product\/lg-sport-swing-cut-edge-tuner\/"},"modified":"2026-05-17T02:30:48","modified_gmt":"2026-05-17T00:30:48","slug":"lg-sport-swing-cut-edge-tuner","status":"publish","type":"product","link":"https:\/\/beyondx.se\/no\/produkt\/lg-sport-swing-cut-edge-tuner\/","title":{"rendered":"LG-Sport Swing Cut Edge Tuner"},"content":{"rendered":"","protected":false},"excerpt":{"rendered":"Kunzmann Professional Ski Tools from LG-Sport,<br \/>Swing Cut Edge Tuner 3000 \u00e4r en Combi kantfil med mycket flexibiltet och \u00e4r enkel att anv\u00e4nda. Med sin greppv\u00e4nliga utformning \u00e4r det l\u00e4tt \u00e4ven f\u00f6r den ovane att komma ig\u00e5ng. Ger ett snabbt, bra och j\u00e4mnt resultat, samt sparar fingrarna fr\u00e5n sk\u00e4rs\u00e5r. Justerbar kantvinkel mellan 0-5\u00b0. Tv\u00e5 filsegment kan f\u00e4stas samtidigt, d\u00e4r fin fil kan f\u00f6ljas av ett diamantbryne. Filning och bryning kan p\u00e5 s\u00e5 s\u00e4tt genomf\u00f6rs samtidigt i ett drag. Levereras med en pansarfil 2cm och en aluminiumoxid 2cm.<br \/>\u00d6vriga tillbeh\u00f6r: Fin fil 2cm, Diamantfil 2cm, Keramisksten 2cm, Kantsk\u00e4r #3062, #3063<br \/><br \/>Files:<br \/>#3056 TPI13<br \/>#3057 Fine File<br \/>#3060 Tungstenfile<br \/><br \/>Stones:<br \/>#3055 Silizium Carbid<br \/>#3058 Oxyde Stone<br \/>#3059 Ceramic Stone<br \/><br \/>Grinding Diamonds:<br \/>#3052 K200<br \/>#3052.1 K300<br \/>#3052.2 K500<br \/><br \/>Finishing lades:<br \/>#3061 K200<br \/>#3061.1 K400<br \/>#3061.2 K800","protected":false},"featured_media":31137,"template":"","meta":[],"product_cat":[110,111],"product_tag":[],"class_list":["post-31138","product","type-product","status-publish","has-post-thumbnail","hentry","product_cat-verktyg","product_cat-fil","brands-lg-sport","fpd-variation-needed"],"yoast_head":"<!-- This site is optimized with the Yoast SEO plugin v21.0 - https:\/\/yoast.com\/wordpress\/plugins\/seo\/ -->\n<title>LG-Sport Swing Cut Edge Tuner - Beyond-X<\/title>\n<meta name=\"robots\" content=\"index, follow, max-snippet:-1, max-image-preview:large, max-video-preview:-1\" \/>\n<link rel=\"canonical\" href=\"https:\/\/beyondx.se\/no\/produkt\/lg-sport-swing-cut-edge-tuner\/\" \/>\n<meta property=\"og:locale\" content=\"nb_NO\" \/>\n<meta property=\"og:type\" content=\"article\" \/>\n<meta property=\"og:title\" content=\"LG-Sport Swing Cut Edge Tuner - Beyond-X\" \/>\n<meta property=\"og:description\" content=\"Kunzmann Professional Ski Tools from LG-Sport,Swing Cut Edge Tuner 3000 \u00e4r en Combi kantfil med mycket flexibiltet och \u00e4r enkel att anv\u00e4nda. Med sin greppv\u00e4nliga utformning \u00e4r det l\u00e4tt \u00e4ven f\u00f6r den ovane att komma ig\u00e5ng. Ger ett snabbt, bra och j\u00e4mnt resultat, samt sparar fingrarna fr\u00e5n sk\u00e4rs\u00e5r. Justerbar kantvinkel mellan 0-5\u00b0. Tv\u00e5 filsegment kan f\u00e4stas samtidigt, d\u00e4r fin fil kan f\u00f6ljas av ett diamantbryne. Filning och bryning kan p\u00e5 s\u00e5 s\u00e4tt genomf\u00f6rs samtidigt i ett drag. Levereras med en pansarfil 2cm och en aluminiumoxid 2cm.\u00d6vriga tillbeh\u00f6r: Fin fil 2cm, Diamantfil 2cm, Keramisksten 2cm, Kantsk\u00e4r #3062, #3063Files:#3056 TPI13#3057 Fine File#3060 TungstenfileStones:#3055 Silizium Carbid#3058 Oxyde Stone#3059 Ceramic StoneGrinding Diamonds:#3052 K200#3052.1 K300#3052.2 K500Finishing lades:#3061 K200#3061.1 K400#3061.2 K800\" \/>\n<meta property=\"og:url\" content=\"https:\/\/beyondx.se\/no\/produkt\/lg-sport-swing-cut-edge-tuner\/\" \/>\n<meta property=\"og:site_name\" content=\"Beyond-X\" \/>\n<meta property=\"article:modified_time\" content=\"2026-05-17T00:30:48+00:00\" \/>\n<meta property=\"og:image\" content=\"https:\/\/beyondx.se\/wp-content\/uploads\/2023\/09\/3002_1.png\" \/>\n\t<meta property=\"og:image:width\" content=\"330\" \/>\n\t<meta property=\"og:image:height\" content=\"330\" \/>\n\t<meta property=\"og:image:type\" content=\"image\/png\" \/>\n<meta name=\"twitter:card\" content=\"summary_large_image\" \/>\n<script type=\"application\/ld+json\" class=\"yoast-schema-graph\">{\"@context\":\"https:\/\/schema.org\",\"@graph\":[{\"@type\":\"WebPage\",\"@id\":\"https:\/\/beyondx.se\/no\/produkt\/lg-sport-swing-cut-edge-tuner\/\",\"url\":\"https:\/\/beyondx.se\/no\/produkt\/lg-sport-swing-cut-edge-tuner\/\",\"name\":\"LG-Sport Swing Cut Edge Tuner - Beyond-X\",\"isPartOf\":{\"@id\":\"https:\/\/beyondx.se\/no\/#website\"},\"datePublished\":\"2023-09-16T22:00:03+00:00\",\"dateModified\":\"2026-05-17T00:30:48+00:00\",\"breadcrumb\":{\"@id\":\"https:\/\/beyondx.se\/no\/produkt\/lg-sport-swing-cut-edge-tuner\/#breadcrumb\"},\"inLanguage\":\"nb-NO\",\"potentialAction\":[{\"@type\":\"ReadAction\",\"target\":[\"https:\/\/beyondx.se\/no\/produkt\/lg-sport-swing-cut-edge-tuner\/\"]}]},{\"@type\":\"BreadcrumbList\",\"@id\":\"https:\/\/beyondx.se\/no\/produkt\/lg-sport-swing-cut-edge-tuner\/#breadcrumb\",\"itemListElement\":[{\"@type\":\"ListItem\",\"position\":1,\"name\":\"Hem\",\"item\":\"https:\/\/beyondx.se\/no\/\"},{\"@type\":\"ListItem\",\"position\":2,\"name\":\"Butik\",\"item\":\"https:\/\/beyondx.se\/no\/butik\/\"},{\"@type\":\"ListItem\",\"position\":3,\"name\":\"LG-Sport Swing Cut Edge Tuner\"}]},{\"@type\":\"WebSite\",\"@id\":\"https:\/\/beyondx.se\/no\/#website\",\"url\":\"https:\/\/beyondx.se\/no\/\",\"name\":\"Beyond-X\",\"description\":\"No Bullshit Ski Wear\",\"publisher\":{\"@id\":\"https:\/\/beyondx.se\/no\/#organization\"},\"potentialAction\":[{\"@type\":\"SearchAction\",\"target\":{\"@type\":\"EntryPoint\",\"urlTemplate\":\"https:\/\/beyondx.se\/no\/?s={search_term_string}\"},\"query-input\":\"required name=search_term_string\"}],\"inLanguage\":\"nb-NO\"},{\"@type\":\"Organization\",\"@id\":\"https:\/\/beyondx.se\/no\/#organization\",\"name\":\"B-stedt of Sweden AB\",\"url\":\"https:\/\/beyondx.se\/no\/\",\"logo\":{\"@type\":\"ImageObject\",\"inLanguage\":\"nb-NO\",\"@id\":\"https:\/\/beyondx.se\/no\/#\/schema\/logo\/image\/\",\"url\":\"https:\/\/beyondx.se\/wp-content\/uploads\/2023\/08\/bx-logo.svg\",\"contentUrl\":\"https:\/\/beyondx.se\/wp-content\/uploads\/2023\/08\/bx-logo.svg\",\"width\":1,\"height\":1,\"caption\":\"B-stedt of Sweden AB\"},\"image\":{\"@id\":\"https:\/\/beyondx.se\/no\/#\/schema\/logo\/image\/\"}}]}<\/script>\n<!-- \/ Yoast SEO plugin. -->","yoast_head_json":{"title":"LG-Sport Swing Cut Edge Tuner - Beyond-X","robots":{"index":"index","follow":"follow","max-snippet":"max-snippet:-1","max-image-preview":"max-image-preview:large","max-video-preview":"max-video-preview:-1"},"canonical":"https:\/\/beyondx.se\/no\/produkt\/lg-sport-swing-cut-edge-tuner\/","og_locale":"nb_NO","og_type":"article","og_title":"LG-Sport Swing Cut Edge Tuner - Beyond-X","og_description":"Kunzmann Professional Ski Tools from LG-Sport,Swing Cut Edge Tuner 3000 \u00e4r en Combi kantfil med mycket flexibiltet och \u00e4r enkel att anv\u00e4nda. Med sin greppv\u00e4nliga utformning \u00e4r det l\u00e4tt \u00e4ven f\u00f6r den ovane att komma ig\u00e5ng. Ger ett snabbt, bra och j\u00e4mnt resultat, samt sparar fingrarna fr\u00e5n sk\u00e4rs\u00e5r. Justerbar kantvinkel mellan 0-5\u00b0. Tv\u00e5 filsegment kan f\u00e4stas samtidigt, d\u00e4r fin fil kan f\u00f6ljas av ett diamantbryne. Filning och bryning kan p\u00e5 s\u00e5 s\u00e4tt genomf\u00f6rs samtidigt i ett drag. Levereras med en pansarfil 2cm och en aluminiumoxid 2cm.\u00d6vriga tillbeh\u00f6r: Fin fil 2cm, Diamantfil 2cm, Keramisksten 2cm, Kantsk\u00e4r #3062, #3063Files:#3056 TPI13#3057 Fine File#3060 TungstenfileStones:#3055 Silizium Carbid#3058 Oxyde Stone#3059 Ceramic StoneGrinding Diamonds:#3052 K200#3052.1 K300#3052.2 K500Finishing lades:#3061 K200#3061.1 K400#3061.2 K800","og_url":"https:\/\/beyondx.se\/no\/produkt\/lg-sport-swing-cut-edge-tuner\/","og_site_name":"Beyond-X","article_modified_time":"2026-05-17T00:30:48+00:00","og_image":[{"width":330,"height":330,"url":"https:\/\/beyondx.se\/wp-content\/uploads\/2023\/09\/3002_1.png","type":"image\/png"}],"twitter_card":"summary_large_image","schema":{"@context":"https:\/\/schema.org","@graph":[{"@type":"WebPage","@id":"https:\/\/beyondx.se\/no\/produkt\/lg-sport-swing-cut-edge-tuner\/","url":"https:\/\/beyondx.se\/no\/produkt\/lg-sport-swing-cut-edge-tuner\/","name":"LG-Sport Swing Cut Edge Tuner - Beyond-X","isPartOf":{"@id":"https:\/\/beyondx.se\/no\/#website"},"datePublished":"2023-09-16T22:00:03+00:00","dateModified":"2026-05-17T00:30:48+00:00","breadcrumb":{"@id":"https:\/\/beyondx.se\/no\/produkt\/lg-sport-swing-cut-edge-tuner\/#breadcrumb"},"inLanguage":"nb-NO","potentialAction":[{"@type":"ReadAction","target":["https:\/\/beyondx.se\/no\/produkt\/lg-sport-swing-cut-edge-tuner\/"]}]},{"@type":"BreadcrumbList","@id":"https:\/\/beyondx.se\/no\/produkt\/lg-sport-swing-cut-edge-tuner\/#breadcrumb","itemListElement":[{"@type":"ListItem","position":1,"name":"Hem","item":"https:\/\/beyondx.se\/no\/"},{"@type":"ListItem","position":2,"name":"Butik","item":"https:\/\/beyondx.se\/no\/butik\/"},{"@type":"ListItem","position":3,"name":"LG-Sport Swing Cut Edge Tuner"}]},{"@type":"WebSite","@id":"https:\/\/beyondx.se\/no\/#website","url":"https:\/\/beyondx.se\/no\/","name":"Beyond-X","description":"No Bullshit Ski Wear","publisher":{"@id":"https:\/\/beyondx.se\/no\/#organization"},"potentialAction":[{"@type":"SearchAction","target":{"@type":"EntryPoint","urlTemplate":"https:\/\/beyondx.se\/no\/?s={search_term_string}"},"query-input":"required name=search_term_string"}],"inLanguage":"nb-NO"},{"@type":"Organization","@id":"https:\/\/beyondx.se\/no\/#organization","name":"B-stedt of Sweden AB","url":"https:\/\/beyondx.se\/no\/","logo":{"@type":"ImageObject","inLanguage":"nb-NO","@id":"https:\/\/beyondx.se\/no\/#\/schema\/logo\/image\/","url":"https:\/\/beyondx.se\/wp-content\/uploads\/2023\/08\/bx-logo.svg","contentUrl":"https:\/\/beyondx.se\/wp-content\/uploads\/2023\/08\/bx-logo.svg","width":1,"height":1,"caption":"B-stedt of Sweden AB"},"image":{"@id":"https:\/\/beyondx.se\/no\/#\/schema\/logo\/image\/"}}]}},"_links":{"self":[{"href":"https:\/\/beyondx.se\/no\/wp-json\/wp\/v2\/product\/31138","targetHints":{"allow":["GET"]}}],"collection":[{"href":"https:\/\/beyondx.se\/no\/wp-json\/wp\/v2\/product"}],"about":[{"href":"https:\/\/beyondx.se\/no\/wp-json\/wp\/v2\/types\/product"}],"wp:featuredmedia":[{"embeddable":true,"href":"https:\/\/beyondx.se\/no\/wp-json\/wp\/v2\/media\/31137"}],"wp:attachment":[{"href":"https:\/\/beyondx.se\/no\/wp-json\/wp\/v2\/media?parent=31138"}],"wp:term":[{"taxonomy":"product_cat","embeddable":true,"href":"https:\/\/beyondx.se\/no\/wp-json\/wp\/v2\/product_cat?post=31138"},{"taxonomy":"product_tag","embeddable":true,"href":"https:\/\/beyondx.se\/no\/wp-json\/wp\/v2\/product_tag?post=31138"}],"curies":[{"name":"wp","href":"https:\/\/api.w.org\/{rel}","templated":true}]}}