{"id":31651,"date":"2023-09-18T23:49:10","date_gmt":"2023-09-18T21:49:10","guid":{"rendered":"https:\/\/beyondx.se\/?post_type=product&#038;p=31651"},"modified":"2026-04-30T08:32:46","modified_gmt":"2026-04-30T06:32:46","slug":"hestra-kobolt-vinter-tan","status":"publish","type":"product","link":"https:\/\/beyondx.se\/no\/produkt\/hestra-kobolt-vinter-tan\/","title":{"rendered":"HESTRA Kobolt Vinter Tan"},"content":{"rendered":"<p><a href=\"https:\/\/beyondx.se\/wp-content\/uploads\/2023\/09\/74010-Index.png\"><img loading=\"lazy\" decoding=\"async\" width=\"963\" height=\"78\" class=\"alignnone size-full wp-image-140338\" src=\"https:\/\/beyondx.se\/wp-content\/uploads\/2023\/09\/74010-Index.png\" alt=\"\" srcset=\"https:\/\/beyondx.se\/wp-content\/uploads\/2023\/09\/74010-Index.png 963w, https:\/\/beyondx.se\/wp-content\/uploads\/2023\/09\/74010-Index-600x49.webp 600w, https:\/\/beyondx.se\/wp-content\/uploads\/2023\/09\/74010-Index-768x62.png 768w, https:\/\/beyondx.se\/wp-content\/uploads\/2023\/09\/74010-Index-400x32.webp 400w, https:\/\/beyondx.se\/wp-content\/uploads\/2023\/09\/74010-Index-350x28.webp 350w\" sizes=\"auto, (max-width: 963px) 100vw, 963px\" \/><\/a><\/p>\n<h2 class=\"css-usse2b\">Fodrade <span class=\"css-10e2aru\">arbetshandskar vinter&#8230;<\/span><\/h2>\n<div class=\"css-1n4h38j\">\n<p class=\"css-1tzracg\">Kobolt Winter Tan \u00e4r en fodrad arbetshandske f\u00f6r tr\u00e4dg\u00e5rd, bygg och hantverk under de kallare \u00e5rstiderna. Innerhanden \u00e4r sydd i kraftigt och f\u00f6ljsamt getskinn som ger bra grepp n\u00e4r du hanterar redskap av olika slag. \u00c4ven och fingrar och tumme \u00e4r f\u00f6rst\u00e4rkta f\u00f6r extra slitstyrka, medan ovandelen i stretchigt syntetmaterial ger bekv\u00e4m r\u00f6relsefrihet. Den har ett mjukt foder i polyesterfleece och Thinsulate syntetfyllning som ventilerar ut fukt och v\u00e4rmer i kyligt h\u00f6st- och vinterv\u00e4der.<\/p>\n<\/div>\n","protected":false},"excerpt":{"rendered":"<p>Vinterversionen av montagehandsken Kobolt Tan. L&#228;mplig f&#246;r arbeten i kalla milj&#246;er d&#228;r god passform och fingertoppsk&#228;nsla &#228;r ett krav. Tillverkad i smidigt getskinn med f&#246;rst&#228;rkta fingrar och tumme. Ovandel i polyester. Isolering av C-40 Thinsulate&#8482; g&#246;r handsken till ett bra skydd i kall v&#228;derlek.<\/p><ul><li>Fodrad arbetshandske f&#246;r vinterbruk.<\/li><li>Isolerad med Thinsulate 40 gram\/m2 av polyester.<\/li><li>Innerhand i kraftigt och f&#246;ljsamt getskinn.<\/li><li>F&#246;rst&#228;rkt &#246;ver fingrar och tumme.<\/li><li>Ovandel i v&#228;lventilerad stretchpolyester.<\/li><li>Mjuk insida i borstad polyester.<\/li><li>Res&#229;r runt handleden.<\/li><\/ul>","protected":false},"featured_media":31659,"template":"","meta":[],"product_cat":[227],"product_tag":[],"class_list":["post-31651","product","type-product","status-publish","has-post-thumbnail","hentry","product_cat-hestra-job","brands-hestra","fpd-variation-needed"],"yoast_head":"<!-- This site is optimized with the Yoast SEO plugin v21.0 - https:\/\/yoast.com\/wordpress\/plugins\/seo\/ -->\n<title>HESTRA Kobolt Vinter Tan - Beyond-X<\/title>\n<meta name=\"robots\" content=\"index, follow, max-snippet:-1, max-image-preview:large, max-video-preview:-1\" \/>\n<link rel=\"canonical\" href=\"https:\/\/beyondx.se\/no\/produkt\/hestra-kobolt-vinter-tan\/\" \/>\n<meta property=\"og:locale\" content=\"nb_NO\" \/>\n<meta property=\"og:type\" content=\"article\" \/>\n<meta property=\"og:title\" content=\"HESTRA Kobolt Vinter Tan - Beyond-X\" \/>\n<meta property=\"og:description\" content=\"Vinterversionen av montagehandsken Kobolt Tan. L&#228;mplig f&#246;r arbeten i kalla milj&#246;er d&#228;r god passform och fingertoppsk&#228;nsla &#228;r ett krav. Tillverkad i smidigt getskinn med f&#246;rst&#228;rkta fingrar och tumme. Ovandel i polyester. Isolering av C-40 Thinsulate&#8482; g&#246;r handsken till ett bra skydd i kall v&#228;derlek.Fodrad arbetshandske f&#246;r vinterbruk.Isolerad med Thinsulate 40 gram\/m2 av polyester.Innerhand i kraftigt och f&#246;ljsamt getskinn.F&#246;rst&#228;rkt &#246;ver fingrar och tumme.Ovandel i v&#228;lventilerad stretchpolyester.Mjuk insida i borstad polyester.Res&#229;r runt handleden.\" \/>\n<meta property=\"og:url\" content=\"https:\/\/beyondx.se\/no\/produkt\/hestra-kobolt-vinter-tan\/\" \/>\n<meta property=\"og:site_name\" content=\"Beyond-X\" \/>\n<meta property=\"article:modified_time\" content=\"2026-04-30T06:32:46+00:00\" \/>\n<meta property=\"og:image\" content=\"https:\/\/beyondx.se\/wp-content\/uploads\/2023\/09\/74010_1.png\" \/>\n\t<meta property=\"og:image:width\" content=\"789\" \/>\n\t<meta property=\"og:image:height\" content=\"800\" \/>\n\t<meta property=\"og:image:type\" content=\"image\/png\" \/>\n<meta name=\"twitter:card\" content=\"summary_large_image\" \/>\n<meta name=\"twitter:label1\" content=\"Ansl. lesetid\" \/>\n\t<meta name=\"twitter:data1\" content=\"1 minutt\" \/>\n<script type=\"application\/ld+json\" class=\"yoast-schema-graph\">{\"@context\":\"https:\/\/schema.org\",\"@graph\":[{\"@type\":\"WebPage\",\"@id\":\"https:\/\/beyondx.se\/no\/produkt\/hestra-kobolt-vinter-tan\/\",\"url\":\"https:\/\/beyondx.se\/no\/produkt\/hestra-kobolt-vinter-tan\/\",\"name\":\"HESTRA Kobolt Vinter Tan - Beyond-X\",\"isPartOf\":{\"@id\":\"https:\/\/beyondx.se\/no\/#website\"},\"datePublished\":\"2023-09-18T21:49:10+00:00\",\"dateModified\":\"2026-04-30T06:32:46+00:00\",\"breadcrumb\":{\"@id\":\"https:\/\/beyondx.se\/no\/produkt\/hestra-kobolt-vinter-tan\/#breadcrumb\"},\"inLanguage\":\"nb-NO\",\"potentialAction\":[{\"@type\":\"ReadAction\",\"target\":[\"https:\/\/beyondx.se\/no\/produkt\/hestra-kobolt-vinter-tan\/\"]}]},{\"@type\":\"BreadcrumbList\",\"@id\":\"https:\/\/beyondx.se\/no\/produkt\/hestra-kobolt-vinter-tan\/#breadcrumb\",\"itemListElement\":[{\"@type\":\"ListItem\",\"position\":1,\"name\":\"Hem\",\"item\":\"https:\/\/beyondx.se\/no\/\"},{\"@type\":\"ListItem\",\"position\":2,\"name\":\"Butik\",\"item\":\"https:\/\/beyondx.se\/no\/butik\/\"},{\"@type\":\"ListItem\",\"position\":3,\"name\":\"HESTRA Kobolt Vinter Tan\"}]},{\"@type\":\"WebSite\",\"@id\":\"https:\/\/beyondx.se\/no\/#website\",\"url\":\"https:\/\/beyondx.se\/no\/\",\"name\":\"Beyond-X\",\"description\":\"No Bullshit Ski Wear\",\"publisher\":{\"@id\":\"https:\/\/beyondx.se\/no\/#organization\"},\"potentialAction\":[{\"@type\":\"SearchAction\",\"target\":{\"@type\":\"EntryPoint\",\"urlTemplate\":\"https:\/\/beyondx.se\/no\/?s={search_term_string}\"},\"query-input\":\"required name=search_term_string\"}],\"inLanguage\":\"nb-NO\"},{\"@type\":\"Organization\",\"@id\":\"https:\/\/beyondx.se\/no\/#organization\",\"name\":\"B-stedt of Sweden AB\",\"url\":\"https:\/\/beyondx.se\/no\/\",\"logo\":{\"@type\":\"ImageObject\",\"inLanguage\":\"nb-NO\",\"@id\":\"https:\/\/beyondx.se\/no\/#\/schema\/logo\/image\/\",\"url\":\"https:\/\/beyondx.se\/wp-content\/uploads\/2023\/08\/bx-logo.svg\",\"contentUrl\":\"https:\/\/beyondx.se\/wp-content\/uploads\/2023\/08\/bx-logo.svg\",\"width\":1,\"height\":1,\"caption\":\"B-stedt of Sweden AB\"},\"image\":{\"@id\":\"https:\/\/beyondx.se\/no\/#\/schema\/logo\/image\/\"}}]}<\/script>\n<!-- \/ Yoast SEO plugin. -->","yoast_head_json":{"title":"HESTRA Kobolt Vinter Tan - Beyond-X","robots":{"index":"index","follow":"follow","max-snippet":"max-snippet:-1","max-image-preview":"max-image-preview:large","max-video-preview":"max-video-preview:-1"},"canonical":"https:\/\/beyondx.se\/no\/produkt\/hestra-kobolt-vinter-tan\/","og_locale":"nb_NO","og_type":"article","og_title":"HESTRA Kobolt Vinter Tan - Beyond-X","og_description":"Vinterversionen av montagehandsken Kobolt Tan. L&#228;mplig f&#246;r arbeten i kalla milj&#246;er d&#228;r god passform och fingertoppsk&#228;nsla &#228;r ett krav. Tillverkad i smidigt getskinn med f&#246;rst&#228;rkta fingrar och tumme. Ovandel i polyester. Isolering av C-40 Thinsulate&#8482; g&#246;r handsken till ett bra skydd i kall v&#228;derlek.Fodrad arbetshandske f&#246;r vinterbruk.Isolerad med Thinsulate 40 gram\/m2 av polyester.Innerhand i kraftigt och f&#246;ljsamt getskinn.F&#246;rst&#228;rkt &#246;ver fingrar och tumme.Ovandel i v&#228;lventilerad stretchpolyester.Mjuk insida i borstad polyester.Res&#229;r runt handleden.","og_url":"https:\/\/beyondx.se\/no\/produkt\/hestra-kobolt-vinter-tan\/","og_site_name":"Beyond-X","article_modified_time":"2026-04-30T06:32:46+00:00","og_image":[{"width":789,"height":800,"url":"https:\/\/beyondx.se\/wp-content\/uploads\/2023\/09\/74010_1.png","type":"image\/png"}],"twitter_card":"summary_large_image","twitter_misc":{"Ansl. lesetid":"1 minutt"},"schema":{"@context":"https:\/\/schema.org","@graph":[{"@type":"WebPage","@id":"https:\/\/beyondx.se\/no\/produkt\/hestra-kobolt-vinter-tan\/","url":"https:\/\/beyondx.se\/no\/produkt\/hestra-kobolt-vinter-tan\/","name":"HESTRA Kobolt Vinter Tan - Beyond-X","isPartOf":{"@id":"https:\/\/beyondx.se\/no\/#website"},"datePublished":"2023-09-18T21:49:10+00:00","dateModified":"2026-04-30T06:32:46+00:00","breadcrumb":{"@id":"https:\/\/beyondx.se\/no\/produkt\/hestra-kobolt-vinter-tan\/#breadcrumb"},"inLanguage":"nb-NO","potentialAction":[{"@type":"ReadAction","target":["https:\/\/beyondx.se\/no\/produkt\/hestra-kobolt-vinter-tan\/"]}]},{"@type":"BreadcrumbList","@id":"https:\/\/beyondx.se\/no\/produkt\/hestra-kobolt-vinter-tan\/#breadcrumb","itemListElement":[{"@type":"ListItem","position":1,"name":"Hem","item":"https:\/\/beyondx.se\/no\/"},{"@type":"ListItem","position":2,"name":"Butik","item":"https:\/\/beyondx.se\/no\/butik\/"},{"@type":"ListItem","position":3,"name":"HESTRA Kobolt Vinter Tan"}]},{"@type":"WebSite","@id":"https:\/\/beyondx.se\/no\/#website","url":"https:\/\/beyondx.se\/no\/","name":"Beyond-X","description":"No Bullshit Ski Wear","publisher":{"@id":"https:\/\/beyondx.se\/no\/#organization"},"potentialAction":[{"@type":"SearchAction","target":{"@type":"EntryPoint","urlTemplate":"https:\/\/beyondx.se\/no\/?s={search_term_string}"},"query-input":"required name=search_term_string"}],"inLanguage":"nb-NO"},{"@type":"Organization","@id":"https:\/\/beyondx.se\/no\/#organization","name":"B-stedt of Sweden AB","url":"https:\/\/beyondx.se\/no\/","logo":{"@type":"ImageObject","inLanguage":"nb-NO","@id":"https:\/\/beyondx.se\/no\/#\/schema\/logo\/image\/","url":"https:\/\/beyondx.se\/wp-content\/uploads\/2023\/08\/bx-logo.svg","contentUrl":"https:\/\/beyondx.se\/wp-content\/uploads\/2023\/08\/bx-logo.svg","width":1,"height":1,"caption":"B-stedt of Sweden AB"},"image":{"@id":"https:\/\/beyondx.se\/no\/#\/schema\/logo\/image\/"}}]}},"_links":{"self":[{"href":"https:\/\/beyondx.se\/no\/wp-json\/wp\/v2\/product\/31651","targetHints":{"allow":["GET"]}}],"collection":[{"href":"https:\/\/beyondx.se\/no\/wp-json\/wp\/v2\/product"}],"about":[{"href":"https:\/\/beyondx.se\/no\/wp-json\/wp\/v2\/types\/product"}],"wp:featuredmedia":[{"embeddable":true,"href":"https:\/\/beyondx.se\/no\/wp-json\/wp\/v2\/media\/31659"}],"wp:attachment":[{"href":"https:\/\/beyondx.se\/no\/wp-json\/wp\/v2\/media?parent=31651"}],"wp:term":[{"taxonomy":"product_cat","embeddable":true,"href":"https:\/\/beyondx.se\/no\/wp-json\/wp\/v2\/product_cat?post=31651"},{"taxonomy":"product_tag","embeddable":true,"href":"https:\/\/beyondx.se\/no\/wp-json\/wp\/v2\/product_tag?post=31651"}],"curies":[{"name":"wp","href":"https:\/\/api.w.org\/{rel}","templated":true}]}}