{"id":47933,"date":"2023-10-04T22:06:11","date_gmt":"2023-10-04T20:06:11","guid":{"rendered":"https:\/\/beyondx.se\/?post_type=product&#038;p=47933"},"modified":"2026-04-25T06:19:09","modified_gmt":"2026-04-25T04:19:09","slug":"superfeet-trim-to-fit-merino-grey","status":"publish","type":"product","link":"https:\/\/beyondx.se\/no\/produkt\/superfeet-trim-to-fit-merino-grey\/","title":{"rendered":"Superfeet Trim-to-fit Merino Grey"},"content":{"rendered":"<div>\n<p>Merino Grey \u00e4r en sula med m\u00e5nga funktioner, den ger st\u00f6d, komfort och st\u00f6td\u00e4mpning samtidigt som den ger dig ullens alla f\u00f6rdelar i form av v\u00e4rmereglering och fukttransport.<\/p>\n<\/div>\n<div>\n<p>Den passar lika bra n\u00e4r du vandrar i fj\u00e4llen som n\u00e4r du promenerar p\u00e5 stan eller plockar svamp i skogen. Du kan anv\u00e4nda den i b\u00e5de k\u00e4ngor, finskor, gummist\u00f6vlar och i vinterskor.<\/p>\n<p>Ullen har en naturlig f\u00f6rm\u00e5ga att transportera bort fukt och reglera temperaturen samtidigt som den inte tar \u00e5t sig d\u00e5lig lukt, egenskaper som g\u00f6r den till det perfekta materialet f\u00f6r innersulor. Ullen som Superfeet anv\u00e4nder sig av har en krusad fiberstruktur som binder stora m\u00e4ngder med luft, vilket skapar en bra isolering mot b\u00e5de v\u00e4rme och kyla och det i sin tur g\u00f6r att sulorna kan anv\u00e4ndas \u00e5ret runt. Merino Grey bygger p\u00e5 samma anatomi som Superfeet Green men \u00e4r tjockare och passar f\u00f6tter med medelh\u00f6ga eller h\u00f6ga fotvalv.<\/p>\n<p>N\u00e4r du belastar din fot maximalt i ett steg blir den upp till ett par storlekar st\u00f6rre. Superfeet sulorna d\u00e4mpar fotf\u00f6rl\u00e4ngningen p\u00e5 ett effektivt och skonsamt s\u00e4tt. Genom att stabilisera h\u00e4lbenet och fokusera p\u00e5 den bakre delen av foten ger Superfeet dig ett skonsamt och mer neutralt steg.<\/p>\n<p>Superfeet anv\u00e4nder inte gel\u00e9 eller liknande \u201cmirakelmaterial&#8221; i sulan. Det optimala d\u00e4mpmaterialet finns redan inbyggt i din h\u00e4l i form av en fettkudde under h\u00e4lbenet. Superfeet-sulan samlar ihop fettet under h\u00e4len och ger en naturlig d\u00e4mpning.<\/p>\n<p><b>F\u00f6rdelar med Superfeet:<\/b><\/p>\n<ul>\n<li>Superfeet ger st\u00f6d till hela foten under hela steget<\/li>\n<li>H\u00e4mmar \u00f6verpronation, vanligaste orsaken till m\u00e5nga fot\u00e5kommor<\/li>\n<li>Mindre belastning p\u00e5 hela kroppen, minskar rygg och kn\u00e4problem<\/li>\n<li>Minskad skaderisk<\/li>\n<\/ul>\n<\/div>\n","protected":false},"excerpt":{"rendered":"<p>Merino Grey &#228;r en sula med m&#229;nga funktioner, den ger st&#246;d, komfort och st&#246;td&#228;mpning samtidigt som den ger dig ullens alla f&#246;rdelar i form av v&#228;rmereglering och fukttransport.<\/p>","protected":false},"featured_media":47946,"template":"","meta":[],"product_cat":[1241,192,193],"product_tag":[],"class_list":["post-47933","product","type-product","status-publish","has-post-thumbnail","hentry","product_cat-tillbehor-utsrutning","product_cat-skor","product_cat-pjaxor","brands-super-feet","fpd-variation-needed"],"yoast_head":"<!-- This site is optimized with the Yoast SEO plugin v21.0 - https:\/\/yoast.com\/wordpress\/plugins\/seo\/ -->\n<title>Superfeet Trim-to-fit Merino Grey - Beyond-X<\/title>\n<meta name=\"robots\" content=\"index, follow, max-snippet:-1, max-image-preview:large, max-video-preview:-1\" \/>\n<link rel=\"canonical\" href=\"https:\/\/beyondx.se\/no\/produkt\/superfeet-trim-to-fit-merino-grey\/\" \/>\n<meta property=\"og:locale\" content=\"nb_NO\" \/>\n<meta property=\"og:type\" content=\"article\" \/>\n<meta property=\"og:title\" content=\"Superfeet Trim-to-fit Merino Grey - Beyond-X\" \/>\n<meta property=\"og:description\" content=\"Merino Grey &#228;r en sula med m&#229;nga funktioner, den ger st&#246;d, komfort och st&#246;td&#228;mpning samtidigt som den ger dig ullens alla f&#246;rdelar i form av v&#228;rmereglering och fukttransport.\" \/>\n<meta property=\"og:url\" content=\"https:\/\/beyondx.se\/no\/produkt\/superfeet-trim-to-fit-merino-grey\/\" \/>\n<meta property=\"og:site_name\" content=\"Beyond-X\" \/>\n<meta property=\"article:modified_time\" content=\"2026-04-25T04:19:09+00:00\" \/>\n<meta property=\"og:image\" content=\"https:\/\/beyondx.se\/wp-content\/uploads\/2023\/10\/28000_1.jpg\" \/>\n\t<meta property=\"og:image:width\" content=\"800\" \/>\n\t<meta property=\"og:image:height\" content=\"800\" \/>\n\t<meta property=\"og:image:type\" content=\"image\/jpeg\" \/>\n<meta name=\"twitter:card\" content=\"summary_large_image\" \/>\n<meta name=\"twitter:label1\" content=\"Ansl. lesetid\" \/>\n\t<meta name=\"twitter:data1\" content=\"2 minutter\" \/>\n<script type=\"application\/ld+json\" class=\"yoast-schema-graph\">{\"@context\":\"https:\/\/schema.org\",\"@graph\":[{\"@type\":\"WebPage\",\"@id\":\"https:\/\/beyondx.se\/no\/produkt\/superfeet-trim-to-fit-merino-grey\/\",\"url\":\"https:\/\/beyondx.se\/no\/produkt\/superfeet-trim-to-fit-merino-grey\/\",\"name\":\"Superfeet Trim-to-fit Merino Grey - Beyond-X\",\"isPartOf\":{\"@id\":\"https:\/\/beyondx.se\/no\/#website\"},\"datePublished\":\"2023-10-04T20:06:11+00:00\",\"dateModified\":\"2026-04-25T04:19:09+00:00\",\"breadcrumb\":{\"@id\":\"https:\/\/beyondx.se\/no\/produkt\/superfeet-trim-to-fit-merino-grey\/#breadcrumb\"},\"inLanguage\":\"nb-NO\",\"potentialAction\":[{\"@type\":\"ReadAction\",\"target\":[\"https:\/\/beyondx.se\/no\/produkt\/superfeet-trim-to-fit-merino-grey\/\"]}]},{\"@type\":\"BreadcrumbList\",\"@id\":\"https:\/\/beyondx.se\/no\/produkt\/superfeet-trim-to-fit-merino-grey\/#breadcrumb\",\"itemListElement\":[{\"@type\":\"ListItem\",\"position\":1,\"name\":\"Hem\",\"item\":\"https:\/\/beyondx.se\/no\/\"},{\"@type\":\"ListItem\",\"position\":2,\"name\":\"Butik\",\"item\":\"https:\/\/beyondx.se\/no\/butik\/\"},{\"@type\":\"ListItem\",\"position\":3,\"name\":\"Superfeet Trim-to-fit Merino Grey\"}]},{\"@type\":\"WebSite\",\"@id\":\"https:\/\/beyondx.se\/no\/#website\",\"url\":\"https:\/\/beyondx.se\/no\/\",\"name\":\"Beyond-X\",\"description\":\"No Bullshit Ski Wear\",\"publisher\":{\"@id\":\"https:\/\/beyondx.se\/no\/#organization\"},\"potentialAction\":[{\"@type\":\"SearchAction\",\"target\":{\"@type\":\"EntryPoint\",\"urlTemplate\":\"https:\/\/beyondx.se\/no\/?s={search_term_string}\"},\"query-input\":\"required name=search_term_string\"}],\"inLanguage\":\"nb-NO\"},{\"@type\":\"Organization\",\"@id\":\"https:\/\/beyondx.se\/no\/#organization\",\"name\":\"B-stedt of Sweden AB\",\"url\":\"https:\/\/beyondx.se\/no\/\",\"logo\":{\"@type\":\"ImageObject\",\"inLanguage\":\"nb-NO\",\"@id\":\"https:\/\/beyondx.se\/no\/#\/schema\/logo\/image\/\",\"url\":\"https:\/\/beyondx.se\/wp-content\/uploads\/2023\/08\/bx-logo.svg\",\"contentUrl\":\"https:\/\/beyondx.se\/wp-content\/uploads\/2023\/08\/bx-logo.svg\",\"width\":1,\"height\":1,\"caption\":\"B-stedt of Sweden AB\"},\"image\":{\"@id\":\"https:\/\/beyondx.se\/no\/#\/schema\/logo\/image\/\"}}]}<\/script>\n<!-- \/ Yoast SEO plugin. -->","yoast_head_json":{"title":"Superfeet Trim-to-fit Merino Grey - Beyond-X","robots":{"index":"index","follow":"follow","max-snippet":"max-snippet:-1","max-image-preview":"max-image-preview:large","max-video-preview":"max-video-preview:-1"},"canonical":"https:\/\/beyondx.se\/no\/produkt\/superfeet-trim-to-fit-merino-grey\/","og_locale":"nb_NO","og_type":"article","og_title":"Superfeet Trim-to-fit Merino Grey - Beyond-X","og_description":"Merino Grey &#228;r en sula med m&#229;nga funktioner, den ger st&#246;d, komfort och st&#246;td&#228;mpning samtidigt som den ger dig ullens alla f&#246;rdelar i form av v&#228;rmereglering och fukttransport.","og_url":"https:\/\/beyondx.se\/no\/produkt\/superfeet-trim-to-fit-merino-grey\/","og_site_name":"Beyond-X","article_modified_time":"2026-04-25T04:19:09+00:00","og_image":[{"width":800,"height":800,"url":"https:\/\/beyondx.se\/wp-content\/uploads\/2023\/10\/28000_1.jpg","type":"image\/jpeg"}],"twitter_card":"summary_large_image","twitter_misc":{"Ansl. lesetid":"2 minutter"},"schema":{"@context":"https:\/\/schema.org","@graph":[{"@type":"WebPage","@id":"https:\/\/beyondx.se\/no\/produkt\/superfeet-trim-to-fit-merino-grey\/","url":"https:\/\/beyondx.se\/no\/produkt\/superfeet-trim-to-fit-merino-grey\/","name":"Superfeet Trim-to-fit Merino Grey - Beyond-X","isPartOf":{"@id":"https:\/\/beyondx.se\/no\/#website"},"datePublished":"2023-10-04T20:06:11+00:00","dateModified":"2026-04-25T04:19:09+00:00","breadcrumb":{"@id":"https:\/\/beyondx.se\/no\/produkt\/superfeet-trim-to-fit-merino-grey\/#breadcrumb"},"inLanguage":"nb-NO","potentialAction":[{"@type":"ReadAction","target":["https:\/\/beyondx.se\/no\/produkt\/superfeet-trim-to-fit-merino-grey\/"]}]},{"@type":"BreadcrumbList","@id":"https:\/\/beyondx.se\/no\/produkt\/superfeet-trim-to-fit-merino-grey\/#breadcrumb","itemListElement":[{"@type":"ListItem","position":1,"name":"Hem","item":"https:\/\/beyondx.se\/no\/"},{"@type":"ListItem","position":2,"name":"Butik","item":"https:\/\/beyondx.se\/no\/butik\/"},{"@type":"ListItem","position":3,"name":"Superfeet Trim-to-fit Merino Grey"}]},{"@type":"WebSite","@id":"https:\/\/beyondx.se\/no\/#website","url":"https:\/\/beyondx.se\/no\/","name":"Beyond-X","description":"No Bullshit Ski Wear","publisher":{"@id":"https:\/\/beyondx.se\/no\/#organization"},"potentialAction":[{"@type":"SearchAction","target":{"@type":"EntryPoint","urlTemplate":"https:\/\/beyondx.se\/no\/?s={search_term_string}"},"query-input":"required name=search_term_string"}],"inLanguage":"nb-NO"},{"@type":"Organization","@id":"https:\/\/beyondx.se\/no\/#organization","name":"B-stedt of Sweden AB","url":"https:\/\/beyondx.se\/no\/","logo":{"@type":"ImageObject","inLanguage":"nb-NO","@id":"https:\/\/beyondx.se\/no\/#\/schema\/logo\/image\/","url":"https:\/\/beyondx.se\/wp-content\/uploads\/2023\/08\/bx-logo.svg","contentUrl":"https:\/\/beyondx.se\/wp-content\/uploads\/2023\/08\/bx-logo.svg","width":1,"height":1,"caption":"B-stedt of Sweden AB"},"image":{"@id":"https:\/\/beyondx.se\/no\/#\/schema\/logo\/image\/"}}]}},"_links":{"self":[{"href":"https:\/\/beyondx.se\/no\/wp-json\/wp\/v2\/product\/47933","targetHints":{"allow":["GET"]}}],"collection":[{"href":"https:\/\/beyondx.se\/no\/wp-json\/wp\/v2\/product"}],"about":[{"href":"https:\/\/beyondx.se\/no\/wp-json\/wp\/v2\/types\/product"}],"wp:featuredmedia":[{"embeddable":true,"href":"https:\/\/beyondx.se\/no\/wp-json\/wp\/v2\/media\/47946"}],"wp:attachment":[{"href":"https:\/\/beyondx.se\/no\/wp-json\/wp\/v2\/media?parent=47933"}],"wp:term":[{"taxonomy":"product_cat","embeddable":true,"href":"https:\/\/beyondx.se\/no\/wp-json\/wp\/v2\/product_cat?post=47933"},{"taxonomy":"product_tag","embeddable":true,"href":"https:\/\/beyondx.se\/no\/wp-json\/wp\/v2\/product_tag?post=47933"}],"curies":[{"name":"wp","href":"https:\/\/api.w.org\/{rel}","templated":true}]}}