{"id":9316,"date":"2023-04-20T14:05:57","date_gmt":"2023-04-20T12:05:57","guid":{"rendered":"https:\/\/beta.karlskogawebbyra.se\/beyond\/product\/hestra-army-leather-coach-czone\/"},"modified":"2026-04-22T11:10:54","modified_gmt":"2026-04-22T09:10:54","slug":"hestra-army-leather-coach-czone","status":"publish","type":"product","link":"https:\/\/beyondx.se\/no\/produkt\/hestra-army-leather-coach-czone\/","title":{"rendered":"HESTRA Army Leather Coach Czone"},"content":{"rendered":"<p>Slitstark vind &amp; vattent\u00e4t tr\u00e4narhandske i tyg och getnappa med Fiberfill-isolering.<br \/>\nStorlek: 6-11<\/p>\n","protected":false},"excerpt":{"rendered":"Slitstark coachhandske i Army Leather som \u00e4r framtagen i samarbete med tr\u00e4narna i de alpina landslagen. Landslagstr\u00e4nare vistas ute hela dagar under alla t\u00e4nkbara f\u00f6rh\u00e5llanden, vilket kr\u00e4ver en slitstark och vattent\u00e4t handske. Army Leather med Oil Tacky p\u00e5 handens insida ger bra grepp om k\u00e4ppar med mera. Storlek: 6-11","protected":false},"featured_media":19067,"template":"","meta":[],"product_cat":[100,185],"product_tag":[],"class_list":["post-9316","product","type-product","status-publish","has-post-thumbnail","hentry","product_cat-utrustning","product_cat-hestra_sport","brands-hestra","fpd-variation-needed"],"yoast_head":"<!-- This site is optimized with the Yoast SEO plugin v21.0 - https:\/\/yoast.com\/wordpress\/plugins\/seo\/ -->\n<title>HESTRA Army Leather Coach Czone - Beyond-X<\/title>\n<meta name=\"robots\" content=\"index, follow, max-snippet:-1, max-image-preview:large, max-video-preview:-1\" \/>\n<link rel=\"canonical\" href=\"https:\/\/beyondx.se\/no\/produkt\/hestra-army-leather-coach-czone\/\" \/>\n<meta property=\"og:locale\" content=\"nb_NO\" \/>\n<meta property=\"og:type\" content=\"article\" \/>\n<meta property=\"og:title\" content=\"HESTRA Army Leather Coach Czone - Beyond-X\" \/>\n<meta property=\"og:description\" content=\"Slitstark coachhandske i Army Leather som \u00e4r framtagen i samarbete med tr\u00e4narna i de alpina landslagen. Landslagstr\u00e4nare vistas ute hela dagar under alla t\u00e4nkbara f\u00f6rh\u00e5llanden, vilket kr\u00e4ver en slitstark och vattent\u00e4t handske. Army Leather med Oil Tacky p\u00e5 handens insida ger bra grepp om k\u00e4ppar med mera. Storlek: 6-11\" \/>\n<meta property=\"og:url\" content=\"https:\/\/beyondx.se\/no\/produkt\/hestra-army-leather-coach-czone\/\" \/>\n<meta property=\"og:site_name\" content=\"Beyond-X\" \/>\n<meta property=\"article:modified_time\" content=\"2026-04-22T09:10:54+00:00\" \/>\n<meta property=\"og:image\" content=\"https:\/\/beyondx.se\/wp-content\/uploads\/2023\/06\/30220-390100_1.png\" \/>\n\t<meta property=\"og:image:width\" content=\"755\" \/>\n\t<meta property=\"og:image:height\" content=\"800\" \/>\n\t<meta property=\"og:image:type\" content=\"image\/png\" \/>\n<meta name=\"twitter:card\" content=\"summary_large_image\" \/>\n<script type=\"application\/ld+json\" class=\"yoast-schema-graph\">{\"@context\":\"https:\/\/schema.org\",\"@graph\":[{\"@type\":\"WebPage\",\"@id\":\"https:\/\/beyondx.se\/no\/produkt\/hestra-army-leather-coach-czone\/\",\"url\":\"https:\/\/beyondx.se\/no\/produkt\/hestra-army-leather-coach-czone\/\",\"name\":\"HESTRA Army Leather Coach Czone - Beyond-X\",\"isPartOf\":{\"@id\":\"https:\/\/beyondx.se\/no\/#website\"},\"datePublished\":\"2023-04-20T12:05:57+00:00\",\"dateModified\":\"2026-04-22T09:10:54+00:00\",\"breadcrumb\":{\"@id\":\"https:\/\/beyondx.se\/no\/produkt\/hestra-army-leather-coach-czone\/#breadcrumb\"},\"inLanguage\":\"nb-NO\",\"potentialAction\":[{\"@type\":\"ReadAction\",\"target\":[\"https:\/\/beyondx.se\/no\/produkt\/hestra-army-leather-coach-czone\/\"]}]},{\"@type\":\"BreadcrumbList\",\"@id\":\"https:\/\/beyondx.se\/no\/produkt\/hestra-army-leather-coach-czone\/#breadcrumb\",\"itemListElement\":[{\"@type\":\"ListItem\",\"position\":1,\"name\":\"Hem\",\"item\":\"https:\/\/beyondx.se\/no\/\"},{\"@type\":\"ListItem\",\"position\":2,\"name\":\"Butik\",\"item\":\"https:\/\/beyondx.se\/no\/butik\/\"},{\"@type\":\"ListItem\",\"position\":3,\"name\":\"HESTRA Army Leather Coach Czone\"}]},{\"@type\":\"WebSite\",\"@id\":\"https:\/\/beyondx.se\/no\/#website\",\"url\":\"https:\/\/beyondx.se\/no\/\",\"name\":\"Beyond-X\",\"description\":\"No Bullshit Ski Wear\",\"publisher\":{\"@id\":\"https:\/\/beyondx.se\/no\/#organization\"},\"potentialAction\":[{\"@type\":\"SearchAction\",\"target\":{\"@type\":\"EntryPoint\",\"urlTemplate\":\"https:\/\/beyondx.se\/no\/?s={search_term_string}\"},\"query-input\":\"required name=search_term_string\"}],\"inLanguage\":\"nb-NO\"},{\"@type\":\"Organization\",\"@id\":\"https:\/\/beyondx.se\/no\/#organization\",\"name\":\"B-stedt of Sweden AB\",\"url\":\"https:\/\/beyondx.se\/no\/\",\"logo\":{\"@type\":\"ImageObject\",\"inLanguage\":\"nb-NO\",\"@id\":\"https:\/\/beyondx.se\/no\/#\/schema\/logo\/image\/\",\"url\":\"https:\/\/beyondx.se\/wp-content\/uploads\/2023\/08\/bx-logo.svg\",\"contentUrl\":\"https:\/\/beyondx.se\/wp-content\/uploads\/2023\/08\/bx-logo.svg\",\"width\":1,\"height\":1,\"caption\":\"B-stedt of Sweden AB\"},\"image\":{\"@id\":\"https:\/\/beyondx.se\/no\/#\/schema\/logo\/image\/\"}}]}<\/script>\n<!-- \/ Yoast SEO plugin. -->","yoast_head_json":{"title":"HESTRA Army Leather Coach Czone - Beyond-X","robots":{"index":"index","follow":"follow","max-snippet":"max-snippet:-1","max-image-preview":"max-image-preview:large","max-video-preview":"max-video-preview:-1"},"canonical":"https:\/\/beyondx.se\/no\/produkt\/hestra-army-leather-coach-czone\/","og_locale":"nb_NO","og_type":"article","og_title":"HESTRA Army Leather Coach Czone - Beyond-X","og_description":"Slitstark coachhandske i Army Leather som \u00e4r framtagen i samarbete med tr\u00e4narna i de alpina landslagen. Landslagstr\u00e4nare vistas ute hela dagar under alla t\u00e4nkbara f\u00f6rh\u00e5llanden, vilket kr\u00e4ver en slitstark och vattent\u00e4t handske. Army Leather med Oil Tacky p\u00e5 handens insida ger bra grepp om k\u00e4ppar med mera. Storlek: 6-11","og_url":"https:\/\/beyondx.se\/no\/produkt\/hestra-army-leather-coach-czone\/","og_site_name":"Beyond-X","article_modified_time":"2026-04-22T09:10:54+00:00","og_image":[{"width":755,"height":800,"url":"https:\/\/beyondx.se\/wp-content\/uploads\/2023\/06\/30220-390100_1.png","type":"image\/png"}],"twitter_card":"summary_large_image","schema":{"@context":"https:\/\/schema.org","@graph":[{"@type":"WebPage","@id":"https:\/\/beyondx.se\/no\/produkt\/hestra-army-leather-coach-czone\/","url":"https:\/\/beyondx.se\/no\/produkt\/hestra-army-leather-coach-czone\/","name":"HESTRA Army Leather Coach Czone - Beyond-X","isPartOf":{"@id":"https:\/\/beyondx.se\/no\/#website"},"datePublished":"2023-04-20T12:05:57+00:00","dateModified":"2026-04-22T09:10:54+00:00","breadcrumb":{"@id":"https:\/\/beyondx.se\/no\/produkt\/hestra-army-leather-coach-czone\/#breadcrumb"},"inLanguage":"nb-NO","potentialAction":[{"@type":"ReadAction","target":["https:\/\/beyondx.se\/no\/produkt\/hestra-army-leather-coach-czone\/"]}]},{"@type":"BreadcrumbList","@id":"https:\/\/beyondx.se\/no\/produkt\/hestra-army-leather-coach-czone\/#breadcrumb","itemListElement":[{"@type":"ListItem","position":1,"name":"Hem","item":"https:\/\/beyondx.se\/no\/"},{"@type":"ListItem","position":2,"name":"Butik","item":"https:\/\/beyondx.se\/no\/butik\/"},{"@type":"ListItem","position":3,"name":"HESTRA Army Leather Coach Czone"}]},{"@type":"WebSite","@id":"https:\/\/beyondx.se\/no\/#website","url":"https:\/\/beyondx.se\/no\/","name":"Beyond-X","description":"No Bullshit Ski Wear","publisher":{"@id":"https:\/\/beyondx.se\/no\/#organization"},"potentialAction":[{"@type":"SearchAction","target":{"@type":"EntryPoint","urlTemplate":"https:\/\/beyondx.se\/no\/?s={search_term_string}"},"query-input":"required name=search_term_string"}],"inLanguage":"nb-NO"},{"@type":"Organization","@id":"https:\/\/beyondx.se\/no\/#organization","name":"B-stedt of Sweden AB","url":"https:\/\/beyondx.se\/no\/","logo":{"@type":"ImageObject","inLanguage":"nb-NO","@id":"https:\/\/beyondx.se\/no\/#\/schema\/logo\/image\/","url":"https:\/\/beyondx.se\/wp-content\/uploads\/2023\/08\/bx-logo.svg","contentUrl":"https:\/\/beyondx.se\/wp-content\/uploads\/2023\/08\/bx-logo.svg","width":1,"height":1,"caption":"B-stedt of Sweden AB"},"image":{"@id":"https:\/\/beyondx.se\/no\/#\/schema\/logo\/image\/"}}]}},"_links":{"self":[{"href":"https:\/\/beyondx.se\/no\/wp-json\/wp\/v2\/product\/9316","targetHints":{"allow":["GET"]}}],"collection":[{"href":"https:\/\/beyondx.se\/no\/wp-json\/wp\/v2\/product"}],"about":[{"href":"https:\/\/beyondx.se\/no\/wp-json\/wp\/v2\/types\/product"}],"wp:featuredmedia":[{"embeddable":true,"href":"https:\/\/beyondx.se\/no\/wp-json\/wp\/v2\/media\/19067"}],"wp:attachment":[{"href":"https:\/\/beyondx.se\/no\/wp-json\/wp\/v2\/media?parent=9316"}],"wp:term":[{"taxonomy":"product_cat","embeddable":true,"href":"https:\/\/beyondx.se\/no\/wp-json\/wp\/v2\/product_cat?post=9316"},{"taxonomy":"product_tag","embeddable":true,"href":"https:\/\/beyondx.se\/no\/wp-json\/wp\/v2\/product_tag?post=9316"}],"curies":[{"name":"wp","href":"https:\/\/api.w.org\/{rel}","templated":true}]}}