{"id":9867,"date":"2023-04-20T14:19:14","date_gmt":"2023-04-20T12:19:14","guid":{"rendered":"https:\/\/beta.karlskogawebbyra.se\/beyond\/product\/komradiosele\/"},"modified":"2026-04-19T10:46:39","modified_gmt":"2026-04-19T08:46:39","slug":"komradiosele","status":"publish","type":"product","link":"https:\/\/beyondx.se\/no\/produkt\/komradiosele\/","title":{"rendered":"BX Radio Chest Pack"},"content":{"rendered":"<p>En ordentlig radiosele som enkelt kan anpassas efter olika radioapparaters storlek.<br \/>\nPlats f\u00f6r en radio med monofon, penna, mobiltelefon samt dubbelvikt A4-papper.<\/p>\n<p>Tillverkas i svart tyg.<br \/>\nDet stora locket kan digitaltryckas.<\/p>\n<p>Om tryck \u00f6nskas kontakta oss p\u00e5 b-stedt@b-stedt.se, bifoga \u00f6nskat tryck, helst i .eps-format om s\u00e5 \u00e4r m\u00f6jligt.<\/p>\n","protected":false},"excerpt":{"rendered":"En ordentlig radiosele som enkelt kan anpassas efter olika radioapparaters storlek. <br \/>Plats f\u00f6r en radio med monofon, penna, mobiltelefon samt dubbelvikt A4-papper. <br \/><br \/>Tillverkas i svart tyg.<br \/>Det stora locket kan digitaltryckas.<br \/><br \/>Om tryck \u00f6nskas kontakta oss p\u00e5 b-stedt@b-stedt.se, bifoga \u00f6nskat tryck, helst i .eps-format om s\u00e5 \u00e4r m\u00f6jligt.","protected":false},"featured_media":19911,"template":"","meta":[],"product_cat":[177,164,184],"product_tag":[],"class_list":["post-9867","product","type-product","status-publish","has-post-thumbnail","hentry","product_cat-coaches-corner","product_cat-reservdelar-tillbehor","product_cat-vaskor-bags","brands-beyond-x","fpd-variation-needed"],"yoast_head":"<!-- This site is optimized with the Yoast SEO plugin v21.0 - https:\/\/yoast.com\/wordpress\/plugins\/seo\/ -->\n<title>BX Radio Chest Pack - Beyond-X<\/title>\n<meta name=\"robots\" content=\"index, follow, max-snippet:-1, max-image-preview:large, max-video-preview:-1\" \/>\n<link rel=\"canonical\" href=\"https:\/\/beyondx.se\/no\/produkt\/komradiosele\/\" \/>\n<meta property=\"og:locale\" content=\"nb_NO\" \/>\n<meta property=\"og:type\" content=\"article\" \/>\n<meta property=\"og:title\" content=\"BX Radio Chest Pack - Beyond-X\" \/>\n<meta property=\"og:description\" content=\"En ordentlig radiosele som enkelt kan anpassas efter olika radioapparaters storlek. Plats f\u00f6r en radio med monofon, penna, mobiltelefon samt dubbelvikt A4-papper. Tillverkas i svart tyg.Det stora locket kan digitaltryckas.Om tryck \u00f6nskas kontakta oss p\u00e5 b-stedt@b-stedt.se, bifoga \u00f6nskat tryck, helst i .eps-format om s\u00e5 \u00e4r m\u00f6jligt.\" \/>\n<meta property=\"og:url\" content=\"https:\/\/beyondx.se\/no\/produkt\/komradiosele\/\" \/>\n<meta property=\"og:site_name\" content=\"Beyond-X\" \/>\n<meta property=\"article:modified_time\" content=\"2026-04-19T08:46:39+00:00\" \/>\n<meta property=\"og:image\" content=\"https:\/\/beyondx.se\/wp-content\/uploads\/2023\/06\/RCP10_1.jpg\" \/>\n\t<meta property=\"og:image:width\" content=\"591\" \/>\n\t<meta property=\"og:image:height\" content=\"591\" \/>\n\t<meta property=\"og:image:type\" content=\"image\/jpeg\" \/>\n<meta name=\"twitter:card\" content=\"summary_large_image\" \/>\n<meta name=\"twitter:label1\" content=\"Ansl. lesetid\" \/>\n\t<meta name=\"twitter:data1\" content=\"1 minutt\" \/>\n<script type=\"application\/ld+json\" class=\"yoast-schema-graph\">{\"@context\":\"https:\/\/schema.org\",\"@graph\":[{\"@type\":\"WebPage\",\"@id\":\"https:\/\/beyondx.se\/no\/produkt\/komradiosele\/\",\"url\":\"https:\/\/beyondx.se\/no\/produkt\/komradiosele\/\",\"name\":\"BX Radio Chest Pack - Beyond-X\",\"isPartOf\":{\"@id\":\"https:\/\/beyondx.se\/no\/#website\"},\"datePublished\":\"2023-04-20T12:19:14+00:00\",\"dateModified\":\"2026-04-19T08:46:39+00:00\",\"breadcrumb\":{\"@id\":\"https:\/\/beyondx.se\/no\/produkt\/komradiosele\/#breadcrumb\"},\"inLanguage\":\"nb-NO\",\"potentialAction\":[{\"@type\":\"ReadAction\",\"target\":[\"https:\/\/beyondx.se\/no\/produkt\/komradiosele\/\"]}]},{\"@type\":\"BreadcrumbList\",\"@id\":\"https:\/\/beyondx.se\/no\/produkt\/komradiosele\/#breadcrumb\",\"itemListElement\":[{\"@type\":\"ListItem\",\"position\":1,\"name\":\"Hem\",\"item\":\"https:\/\/beyondx.se\/no\/\"},{\"@type\":\"ListItem\",\"position\":2,\"name\":\"Butik\",\"item\":\"https:\/\/beyondx.se\/no\/butik\/\"},{\"@type\":\"ListItem\",\"position\":3,\"name\":\"BX Radio Chest Pack\"}]},{\"@type\":\"WebSite\",\"@id\":\"https:\/\/beyondx.se\/no\/#website\",\"url\":\"https:\/\/beyondx.se\/no\/\",\"name\":\"Beyond-X\",\"description\":\"No Bullshit Ski Wear\",\"publisher\":{\"@id\":\"https:\/\/beyondx.se\/no\/#organization\"},\"potentialAction\":[{\"@type\":\"SearchAction\",\"target\":{\"@type\":\"EntryPoint\",\"urlTemplate\":\"https:\/\/beyondx.se\/no\/?s={search_term_string}\"},\"query-input\":\"required name=search_term_string\"}],\"inLanguage\":\"nb-NO\"},{\"@type\":\"Organization\",\"@id\":\"https:\/\/beyondx.se\/no\/#organization\",\"name\":\"B-stedt of Sweden AB\",\"url\":\"https:\/\/beyondx.se\/no\/\",\"logo\":{\"@type\":\"ImageObject\",\"inLanguage\":\"nb-NO\",\"@id\":\"https:\/\/beyondx.se\/no\/#\/schema\/logo\/image\/\",\"url\":\"https:\/\/beyondx.se\/wp-content\/uploads\/2023\/08\/bx-logo.svg\",\"contentUrl\":\"https:\/\/beyondx.se\/wp-content\/uploads\/2023\/08\/bx-logo.svg\",\"width\":1,\"height\":1,\"caption\":\"B-stedt of Sweden AB\"},\"image\":{\"@id\":\"https:\/\/beyondx.se\/no\/#\/schema\/logo\/image\/\"}}]}<\/script>\n<!-- \/ Yoast SEO plugin. -->","yoast_head_json":{"title":"BX Radio Chest Pack - Beyond-X","robots":{"index":"index","follow":"follow","max-snippet":"max-snippet:-1","max-image-preview":"max-image-preview:large","max-video-preview":"max-video-preview:-1"},"canonical":"https:\/\/beyondx.se\/no\/produkt\/komradiosele\/","og_locale":"nb_NO","og_type":"article","og_title":"BX Radio Chest Pack - Beyond-X","og_description":"En ordentlig radiosele som enkelt kan anpassas efter olika radioapparaters storlek. Plats f\u00f6r en radio med monofon, penna, mobiltelefon samt dubbelvikt A4-papper. Tillverkas i svart tyg.Det stora locket kan digitaltryckas.Om tryck \u00f6nskas kontakta oss p\u00e5 b-stedt@b-stedt.se, bifoga \u00f6nskat tryck, helst i .eps-format om s\u00e5 \u00e4r m\u00f6jligt.","og_url":"https:\/\/beyondx.se\/no\/produkt\/komradiosele\/","og_site_name":"Beyond-X","article_modified_time":"2026-04-19T08:46:39+00:00","og_image":[{"width":591,"height":591,"url":"https:\/\/beyondx.se\/wp-content\/uploads\/2023\/06\/RCP10_1.jpg","type":"image\/jpeg"}],"twitter_card":"summary_large_image","twitter_misc":{"Ansl. lesetid":"1 minutt"},"schema":{"@context":"https:\/\/schema.org","@graph":[{"@type":"WebPage","@id":"https:\/\/beyondx.se\/no\/produkt\/komradiosele\/","url":"https:\/\/beyondx.se\/no\/produkt\/komradiosele\/","name":"BX Radio Chest Pack - Beyond-X","isPartOf":{"@id":"https:\/\/beyondx.se\/no\/#website"},"datePublished":"2023-04-20T12:19:14+00:00","dateModified":"2026-04-19T08:46:39+00:00","breadcrumb":{"@id":"https:\/\/beyondx.se\/no\/produkt\/komradiosele\/#breadcrumb"},"inLanguage":"nb-NO","potentialAction":[{"@type":"ReadAction","target":["https:\/\/beyondx.se\/no\/produkt\/komradiosele\/"]}]},{"@type":"BreadcrumbList","@id":"https:\/\/beyondx.se\/no\/produkt\/komradiosele\/#breadcrumb","itemListElement":[{"@type":"ListItem","position":1,"name":"Hem","item":"https:\/\/beyondx.se\/no\/"},{"@type":"ListItem","position":2,"name":"Butik","item":"https:\/\/beyondx.se\/no\/butik\/"},{"@type":"ListItem","position":3,"name":"BX Radio Chest Pack"}]},{"@type":"WebSite","@id":"https:\/\/beyondx.se\/no\/#website","url":"https:\/\/beyondx.se\/no\/","name":"Beyond-X","description":"No Bullshit Ski Wear","publisher":{"@id":"https:\/\/beyondx.se\/no\/#organization"},"potentialAction":[{"@type":"SearchAction","target":{"@type":"EntryPoint","urlTemplate":"https:\/\/beyondx.se\/no\/?s={search_term_string}"},"query-input":"required name=search_term_string"}],"inLanguage":"nb-NO"},{"@type":"Organization","@id":"https:\/\/beyondx.se\/no\/#organization","name":"B-stedt of Sweden AB","url":"https:\/\/beyondx.se\/no\/","logo":{"@type":"ImageObject","inLanguage":"nb-NO","@id":"https:\/\/beyondx.se\/no\/#\/schema\/logo\/image\/","url":"https:\/\/beyondx.se\/wp-content\/uploads\/2023\/08\/bx-logo.svg","contentUrl":"https:\/\/beyondx.se\/wp-content\/uploads\/2023\/08\/bx-logo.svg","width":1,"height":1,"caption":"B-stedt of Sweden AB"},"image":{"@id":"https:\/\/beyondx.se\/no\/#\/schema\/logo\/image\/"}}]}},"_links":{"self":[{"href":"https:\/\/beyondx.se\/no\/wp-json\/wp\/v2\/product\/9867","targetHints":{"allow":["GET"]}}],"collection":[{"href":"https:\/\/beyondx.se\/no\/wp-json\/wp\/v2\/product"}],"about":[{"href":"https:\/\/beyondx.se\/no\/wp-json\/wp\/v2\/types\/product"}],"wp:featuredmedia":[{"embeddable":true,"href":"https:\/\/beyondx.se\/no\/wp-json\/wp\/v2\/media\/19911"}],"wp:attachment":[{"href":"https:\/\/beyondx.se\/no\/wp-json\/wp\/v2\/media?parent=9867"}],"wp:term":[{"taxonomy":"product_cat","embeddable":true,"href":"https:\/\/beyondx.se\/no\/wp-json\/wp\/v2\/product_cat?post=9867"},{"taxonomy":"product_tag","embeddable":true,"href":"https:\/\/beyondx.se\/no\/wp-json\/wp\/v2\/product_tag?post=9867"}],"curies":[{"name":"wp","href":"https:\/\/api.w.org\/{rel}","templated":true}]}}