{"id":9872,"date":"2023-04-20T14:19:49","date_gmt":"2023-04-20T12:19:49","guid":{"rendered":"https:\/\/beta.karlskogawebbyra.se\/beyond\/product\/hestra-racers-pullover-mitt-swe\/"},"modified":"2026-04-30T02:12:37","modified_gmt":"2026-04-30T00:12:37","slug":"hestra-racers-pullover-mitt-swe","status":"publish","type":"product","link":"https:\/\/beyondx.se\/no\/produkt\/hestra-racers-pullover-mitt-swe\/","title":{"rendered":"HESTRA Pullover Mitt, SWE"},"content":{"rendered":"","protected":false},"excerpt":{"rendered":"Skalhandske som anv\u00e4nds som v\u00e4rmande ytterlager utanp\u00e5 grundhandsken. Ger \u00e4ven skydd mot bl\u00f6tsn\u00f6 och regn. L\u00e4tt att rulla ihop och ha i fickan, f\u00f6r att ta fram vid d\u00e5ligt v\u00e4der. Storleksguide: Skal- och grundhandske b\u00f6r vara i samma storlek. Om du har storlek 7 p\u00e5 grundhandsken v\u00e4ljer du storlek 7 p\u00e5 skalhandsken. Finns i helstorlekar fr\u00e5n 6-11.","protected":false},"featured_media":19093,"template":"","meta":[],"product_cat":[100,185],"product_tag":[],"class_list":["post-9872","product","type-product","status-publish","has-post-thumbnail","hentry","product_cat-utrustning","product_cat-hestra_sport","brands-hestra","fpd-variation-needed"],"yoast_head":"<!-- This site is optimized with the Yoast SEO plugin v21.0 - https:\/\/yoast.com\/wordpress\/plugins\/seo\/ -->\n<title>HESTRA Pullover Mitt, SWE - Beyond-X<\/title>\n<meta name=\"robots\" content=\"index, follow, max-snippet:-1, max-image-preview:large, max-video-preview:-1\" \/>\n<link rel=\"canonical\" href=\"https:\/\/beyondx.se\/no\/produkt\/hestra-racers-pullover-mitt-swe\/\" \/>\n<meta property=\"og:locale\" content=\"nb_NO\" \/>\n<meta property=\"og:type\" content=\"article\" \/>\n<meta property=\"og:title\" content=\"HESTRA Pullover Mitt, SWE - Beyond-X\" \/>\n<meta property=\"og:description\" content=\"Skalhandske som anv\u00e4nds som v\u00e4rmande ytterlager utanp\u00e5 grundhandsken. Ger \u00e4ven skydd mot bl\u00f6tsn\u00f6 och regn. L\u00e4tt att rulla ihop och ha i fickan, f\u00f6r att ta fram vid d\u00e5ligt v\u00e4der. Storleksguide: Skal- och grundhandske b\u00f6r vara i samma storlek. Om du har storlek 7 p\u00e5 grundhandsken v\u00e4ljer du storlek 7 p\u00e5 skalhandsken. Finns i helstorlekar fr\u00e5n 6-11.\" \/>\n<meta property=\"og:url\" content=\"https:\/\/beyondx.se\/no\/produkt\/hestra-racers-pullover-mitt-swe\/\" \/>\n<meta property=\"og:site_name\" content=\"Beyond-X\" \/>\n<meta property=\"article:modified_time\" content=\"2026-04-30T00:12:37+00:00\" \/>\n<meta property=\"og:image\" content=\"https:\/\/beyondx.se\/wp-content\/uploads\/2023\/06\/35111-250440_1.png\" \/>\n\t<meta property=\"og:image:width\" content=\"800\" \/>\n\t<meta property=\"og:image:height\" content=\"779\" \/>\n\t<meta property=\"og:image:type\" content=\"image\/png\" \/>\n<meta name=\"twitter:card\" content=\"summary_large_image\" \/>\n<script type=\"application\/ld+json\" class=\"yoast-schema-graph\">{\"@context\":\"https:\/\/schema.org\",\"@graph\":[{\"@type\":\"WebPage\",\"@id\":\"https:\/\/beyondx.se\/no\/produkt\/hestra-racers-pullover-mitt-swe\/\",\"url\":\"https:\/\/beyondx.se\/no\/produkt\/hestra-racers-pullover-mitt-swe\/\",\"name\":\"HESTRA Pullover Mitt, SWE - Beyond-X\",\"isPartOf\":{\"@id\":\"https:\/\/beyondx.se\/no\/#website\"},\"datePublished\":\"2023-04-20T12:19:49+00:00\",\"dateModified\":\"2026-04-30T00:12:37+00:00\",\"breadcrumb\":{\"@id\":\"https:\/\/beyondx.se\/no\/produkt\/hestra-racers-pullover-mitt-swe\/#breadcrumb\"},\"inLanguage\":\"nb-NO\",\"potentialAction\":[{\"@type\":\"ReadAction\",\"target\":[\"https:\/\/beyondx.se\/no\/produkt\/hestra-racers-pullover-mitt-swe\/\"]}]},{\"@type\":\"BreadcrumbList\",\"@id\":\"https:\/\/beyondx.se\/no\/produkt\/hestra-racers-pullover-mitt-swe\/#breadcrumb\",\"itemListElement\":[{\"@type\":\"ListItem\",\"position\":1,\"name\":\"Hem\",\"item\":\"https:\/\/beyondx.se\/no\/\"},{\"@type\":\"ListItem\",\"position\":2,\"name\":\"Butik\",\"item\":\"https:\/\/beyondx.se\/no\/butik\/\"},{\"@type\":\"ListItem\",\"position\":3,\"name\":\"HESTRA Pullover Mitt, SWE\"}]},{\"@type\":\"WebSite\",\"@id\":\"https:\/\/beyondx.se\/no\/#website\",\"url\":\"https:\/\/beyondx.se\/no\/\",\"name\":\"Beyond-X\",\"description\":\"No Bullshit Ski Wear\",\"publisher\":{\"@id\":\"https:\/\/beyondx.se\/no\/#organization\"},\"potentialAction\":[{\"@type\":\"SearchAction\",\"target\":{\"@type\":\"EntryPoint\",\"urlTemplate\":\"https:\/\/beyondx.se\/no\/?s={search_term_string}\"},\"query-input\":\"required name=search_term_string\"}],\"inLanguage\":\"nb-NO\"},{\"@type\":\"Organization\",\"@id\":\"https:\/\/beyondx.se\/no\/#organization\",\"name\":\"B-stedt of Sweden AB\",\"url\":\"https:\/\/beyondx.se\/no\/\",\"logo\":{\"@type\":\"ImageObject\",\"inLanguage\":\"nb-NO\",\"@id\":\"https:\/\/beyondx.se\/no\/#\/schema\/logo\/image\/\",\"url\":\"https:\/\/beyondx.se\/wp-content\/uploads\/2023\/08\/bx-logo.svg\",\"contentUrl\":\"https:\/\/beyondx.se\/wp-content\/uploads\/2023\/08\/bx-logo.svg\",\"width\":1,\"height\":1,\"caption\":\"B-stedt of Sweden AB\"},\"image\":{\"@id\":\"https:\/\/beyondx.se\/no\/#\/schema\/logo\/image\/\"}}]}<\/script>\n<!-- \/ Yoast SEO plugin. -->","yoast_head_json":{"title":"HESTRA Pullover Mitt, SWE - Beyond-X","robots":{"index":"index","follow":"follow","max-snippet":"max-snippet:-1","max-image-preview":"max-image-preview:large","max-video-preview":"max-video-preview:-1"},"canonical":"https:\/\/beyondx.se\/no\/produkt\/hestra-racers-pullover-mitt-swe\/","og_locale":"nb_NO","og_type":"article","og_title":"HESTRA Pullover Mitt, SWE - Beyond-X","og_description":"Skalhandske som anv\u00e4nds som v\u00e4rmande ytterlager utanp\u00e5 grundhandsken. Ger \u00e4ven skydd mot bl\u00f6tsn\u00f6 och regn. L\u00e4tt att rulla ihop och ha i fickan, f\u00f6r att ta fram vid d\u00e5ligt v\u00e4der. Storleksguide: Skal- och grundhandske b\u00f6r vara i samma storlek. Om du har storlek 7 p\u00e5 grundhandsken v\u00e4ljer du storlek 7 p\u00e5 skalhandsken. Finns i helstorlekar fr\u00e5n 6-11.","og_url":"https:\/\/beyondx.se\/no\/produkt\/hestra-racers-pullover-mitt-swe\/","og_site_name":"Beyond-X","article_modified_time":"2026-04-30T00:12:37+00:00","og_image":[{"width":800,"height":779,"url":"https:\/\/beyondx.se\/wp-content\/uploads\/2023\/06\/35111-250440_1.png","type":"image\/png"}],"twitter_card":"summary_large_image","schema":{"@context":"https:\/\/schema.org","@graph":[{"@type":"WebPage","@id":"https:\/\/beyondx.se\/no\/produkt\/hestra-racers-pullover-mitt-swe\/","url":"https:\/\/beyondx.se\/no\/produkt\/hestra-racers-pullover-mitt-swe\/","name":"HESTRA Pullover Mitt, SWE - Beyond-X","isPartOf":{"@id":"https:\/\/beyondx.se\/no\/#website"},"datePublished":"2023-04-20T12:19:49+00:00","dateModified":"2026-04-30T00:12:37+00:00","breadcrumb":{"@id":"https:\/\/beyondx.se\/no\/produkt\/hestra-racers-pullover-mitt-swe\/#breadcrumb"},"inLanguage":"nb-NO","potentialAction":[{"@type":"ReadAction","target":["https:\/\/beyondx.se\/no\/produkt\/hestra-racers-pullover-mitt-swe\/"]}]},{"@type":"BreadcrumbList","@id":"https:\/\/beyondx.se\/no\/produkt\/hestra-racers-pullover-mitt-swe\/#breadcrumb","itemListElement":[{"@type":"ListItem","position":1,"name":"Hem","item":"https:\/\/beyondx.se\/no\/"},{"@type":"ListItem","position":2,"name":"Butik","item":"https:\/\/beyondx.se\/no\/butik\/"},{"@type":"ListItem","position":3,"name":"HESTRA Pullover Mitt, SWE"}]},{"@type":"WebSite","@id":"https:\/\/beyondx.se\/no\/#website","url":"https:\/\/beyondx.se\/no\/","name":"Beyond-X","description":"No Bullshit Ski Wear","publisher":{"@id":"https:\/\/beyondx.se\/no\/#organization"},"potentialAction":[{"@type":"SearchAction","target":{"@type":"EntryPoint","urlTemplate":"https:\/\/beyondx.se\/no\/?s={search_term_string}"},"query-input":"required name=search_term_string"}],"inLanguage":"nb-NO"},{"@type":"Organization","@id":"https:\/\/beyondx.se\/no\/#organization","name":"B-stedt of Sweden AB","url":"https:\/\/beyondx.se\/no\/","logo":{"@type":"ImageObject","inLanguage":"nb-NO","@id":"https:\/\/beyondx.se\/no\/#\/schema\/logo\/image\/","url":"https:\/\/beyondx.se\/wp-content\/uploads\/2023\/08\/bx-logo.svg","contentUrl":"https:\/\/beyondx.se\/wp-content\/uploads\/2023\/08\/bx-logo.svg","width":1,"height":1,"caption":"B-stedt of Sweden AB"},"image":{"@id":"https:\/\/beyondx.se\/no\/#\/schema\/logo\/image\/"}}]}},"_links":{"self":[{"href":"https:\/\/beyondx.se\/no\/wp-json\/wp\/v2\/product\/9872","targetHints":{"allow":["GET"]}}],"collection":[{"href":"https:\/\/beyondx.se\/no\/wp-json\/wp\/v2\/product"}],"about":[{"href":"https:\/\/beyondx.se\/no\/wp-json\/wp\/v2\/types\/product"}],"wp:featuredmedia":[{"embeddable":true,"href":"https:\/\/beyondx.se\/no\/wp-json\/wp\/v2\/media\/19093"}],"wp:attachment":[{"href":"https:\/\/beyondx.se\/no\/wp-json\/wp\/v2\/media?parent=9872"}],"wp:term":[{"taxonomy":"product_cat","embeddable":true,"href":"https:\/\/beyondx.se\/no\/wp-json\/wp\/v2\/product_cat?post=9872"},{"taxonomy":"product_tag","embeddable":true,"href":"https:\/\/beyondx.se\/no\/wp-json\/wp\/v2\/product_tag?post=9872"}],"curies":[{"name":"wp","href":"https:\/\/api.w.org\/{rel}","templated":true}]}}